{"id":79,"date":"2014-01-20T11:11:38","date_gmt":"2014-01-20T09:11:38","guid":{"rendered":"http:\/\/www.hohenberg.info\/wordpress\/?page_id=79"},"modified":"2026-01-07T13:10:36","modified_gmt":"2026-01-07T13:10:36","slug":"oeffentliche-einrichtungen","status":"publish","type":"page","link":"https:\/\/stadt-hohenberg.de\/index.php\/buergerservice\/oeffentliche-einrichtungen\/","title":{"rendered":"\u00f6ffentliche Einrichtungen"},"content":{"rendered":"<p><strong><span style=\"text-decoration: underline;\">St\u00e4dtische Einrichtungen<\/span><br \/>\n<\/strong><\/p>\n<p>St\u00e4dt. Bauhof<br \/>\nLanger Weg 2a, 95691 Hohenberg a. d. Eger<br \/>\nAnsprechpartner: Herr J\u00fcrgen Hoffmann (Tel. 09233\/7711-32)<\/p>\n<p>St\u00e4dt. Turnhalle<br \/>\nSchulstra\u00dfe 4, 95691Hohenberg a. d. Eger<br \/>\nAnsprechpartner: Herr G\u00fcnter Reinel (Tel. 09233\/7711-22)<\/p>\n<p>Stadtb\u00fccherei<br \/>\nSelber Stra\u00dfe 14, 95691 Hohenberg a. d. Eger<br \/>\nAnsprechpartner: Herr Michael Pusch<br \/>\n\u00d6ffnungszeiten: Dienstag, 16.30 &#8211; 18.30 Uhr<\/p>\n<p><span style=\"text-decoration: underline;\"><strong>Kinderg\u00e4rten &amp; Schule<\/strong><\/span><\/p>\n<p>Evang. Elisabeth-Kinderhaus<br \/>\nStreitweg 5, 95691 Hohenberg a. d. Eger<br \/>\nTel. 09233\/6221<br \/>\nemail: elisabeth-kiga@freenet.de<br \/>\nInternet: <a title=\"elisabeth kinderhaus\" href=\"http:\/\/www.kirche-hohenberg.de\/pages\/kinderhaus.php\" target=\"_blank\" rel=\"noopener\">www.kirche-hohenberg.de\/pages\/kinderhaus.php<\/a><\/p>\n<p>Evang.- Luth. Kindergarten &#8222;Fuchsbau&#8220;&#8218;<br \/>\nRingstra\u00dfe 1, 95706 Schirnding<br \/>\nTel. 09233\/9473<br \/>\nemail: kiga-fuchsbau@t-online.de<br \/>\nInternet: <a title=\"kiga fuchsbau\" href=\"http:\/\/www.fuchsbau-schirnding.de\/\" target=\"_blank\" rel=\"noopener\">www.fuchsbau-schirnding.de<\/a><\/p>\n<p>Grundschule Schirnding-Hohenberg<br \/>\nArzberger Stra\u00dfe 4, 95706 Schirnding<br \/>\nTel. 09233\/1614<br \/>\nemail:\u00a0 info@gsschihoh.de<br \/>\nInternet: <a title=\"grundschule schirnding\" href=\"http:\/\/www.gsschihoh.de\" target=\"_blank\" rel=\"noopener\">www.gsschihoh.de<\/a><\/p>\n<p><span style=\"text-decoration: underline;\"><strong>Kirchen<\/strong><\/span><\/p>\n<p>Evang.- Luth. Kirche<br \/>\nPfarramt, Kirchstra\u00dfe 11, 95691 Hohenberg a. d. Eger<br \/>\nTel. 09233\/9472<\/p>\n<p>Kath. Kirchenstiftung<br \/>\nPfarramt St. Josef, Kirchweg 16, 95706 Schirnding<br \/>\nTel. 09233\/1598<br \/>\nemail: info@sankt-josef-schirnding.de<br \/>\nInternet: <a title=\"St. Josef Schirnding\" href=\"http:\/\/www.sankt-josef-schirnding.de\/start.php\" target=\"_blank\" rel=\"noopener\">www.sankt-josef-schirnding.de\/start.php<\/a><\/p>\n<p><span style=\"text-decoration: underline;\"><strong>\u00c4rzte &amp; Apotheken<\/strong><\/span><\/p>\n<p>Dr. Martin Vondracek &#8211; Arzt f\u00fcr Allgemeinmedizin<br \/>\nSchulstra\u00dfe 2, 95691 Hohenberg a. d. Eger<br \/>\nTel. 09233\/3636<\/p>\n<p>Andreas Ebenburger &#8211; Arzt f\u00fcr Allgemeinmedizin<br \/>\nRingstra\u00dfe 17, 95706 Schirnding<br \/>\nTel. 09233\/7756203<\/p>\n<p>Dr. Sefr Pavel &#8211; Zahnarzt<br \/>\nSchulstra\u00dfe 2, 95691 Hohenberg a. d. Eger<br \/>\nTel. 09233\/4334<\/p>\n<p>MU Dr. (Univ. Prag) Cincibus Pavel &#8211; Zahnarzt<br \/>\nRingstra\u00dfe 17, 95706 Schirnding<br \/>\nTel. 09233\/1503<\/p>\n<p><span style=\"text-decoration: underline;\"><strong>Versorgung &amp; \u00c4mter<\/strong><\/span><\/p>\n<p>Wasserversorgung &#8211; ESM<br \/>\nGebr.-Netzsch-Stra\u00dfe 14, 95100 Selb<br \/>\nTel. 09287\/8020<\/p>\n<p>Abwasserentsorgung &#8211; AWS<br \/>\nGebr.-Netzsch-Stra\u00dfe 14, 95100 Selb<br \/>\nTel. 09287\/8020<\/p>\n<p>Wertstoffhof<br \/>\nEgerstra\u00dfe 30, 95706 Schirnding<br \/>\nTel. 09233\/2822<\/p>\n<p>Abfallwirtschaft &#8211; KUFi<br \/>\nJean-Paul-Stra\u00dfe 9, 95632 Wunsiedel<br \/>\nTel. 09232\/80-0<\/p>\n<p>Agentur der Dt. Post AG<br \/>\nB\u00e4ckerei Gollner, Schirndinger Str. 8, 95691 Hohenberg a. d. Eger<br \/>\nTel. 09233\/7756212<\/p>\n<p>Bayerische Staatsforsten<br \/>\nA.\u00f6.R. Revier Hohenberg, Langer Weg 2, 95691 Hohenberg a. d. Eger<br \/>\nTel. 09233\/9402<\/p>\n<p>Amtsgericht Wunsiedel<br \/>\nKemnather Stra\u00dfe 33, 95632 Wunsiedel<br \/>\nTel. 09232\/885-0<\/p>\n<p>Amt f\u00fcr Landwirtschaft<br \/>\nEgerstra\u00dfe 61, 95632 Wunsiedel<br \/>\nTel. 09232\/884-0<\/p>\n<p>AOK-Bayern &#8211; Direktion Wunsiedel<br \/>\nEgerstra\u00dfe 47, 95632 Wunsiedel<br \/>\nTel. 09232\/603-0<\/p>\n<p>Agentur f\u00fcr Arbeit Marktredwitz<br \/>\nOskar-Loew-Stra\u00dfe 9, 95615 Marktredwitz<br \/>\nTel. 09231\/506-0<\/p>\n<p>Brandversicherungsamt Wunsiedel<br \/>\nMaximilianstra\u00dfe 9, 95632 Wunsiedel<br \/>\nTel. 09232\/4010<\/p>\n<p>Deutsche Bahn AG<br \/>\nAm Bahnhof, 95615 Marktredwitz<br \/>\nTel. 09231\/9520<\/p>\n<p>Deutsche Post AG<br \/>\nAm Bahnhof 8, 95615 Marktredwitz<br \/>\nTel. 01802 33 33<\/p>\n<p>Finanzamt Wunsiedel<br \/>\nAu\u00dfenstelle Selb, Wittelsbacher Stra\u00dfe 8, 95100 Selb<br \/>\n09232\/6070<\/p>\n<p>Forstbetriebe Selb<br \/>\nWunsiedler Stra\u00dfe 21, 95100 Selb<br \/>\nTel. 09287\/9932-0<\/p>\n<p>Polizeiinspektion Marktredwitz<br \/>\nKarlsbader Str. 2, 95615 Marktredwitz<br \/>\nTel. 09231\/9676-0<\/p>\n<p>Landratsamt Wunsiedel<br \/>\nJean-Paul-Stra\u00dfe 9, 95632 Wunsiedel<br \/>\nTel. 09232\/80-0<\/p>\n<p>Notariat Thiersheim<br \/>\nMarktplatz 2, 95707 Thiersheim<br \/>\nTel. 09233\/1525<\/p>\n<p>Staatl. Schulamt Wunsiedel<br \/>\nJean-Paul-Stra\u00dfe 9, 95632 Wunsiedel<br \/>\nTel. 09232\/80-382<\/p>\n<p>Stra\u00dfenmeisterei Wunsiedel<br \/>\nKemnather Stra\u00dfe 49, 95632 Wunsiedel<br \/>\nTel. 09232\/88192-0<\/p>\n<p>Vermessungsamt Wunsiedel<br \/>\nVon-Kotzau-Stra\u00dfe 4, 95632 Wunsiedel<br \/>\nTel. 09232\/9902-0<\/p>\n<p>Kfz,-Zulassungsstelle Selb<br \/>\nLessingstra\u00dfe 6, 95100 Selb<br \/>\nTel. 09287\/7906<\/p>\n","protected":false},"excerpt":{"rendered":"<p>St\u00e4dtische Einrichtungen St\u00e4dt. Bauhof Langer Weg 2a, 95691 Hohenberg a. d. Eger Ansprechpartner: Herr J\u00fcrgen Hoffmann (Tel. 09233\/7711-32) St\u00e4dt. Turnhalle Schulstra\u00dfe 4, 95691Hohenberg a. d. Eger Ansprechpartner: Herr G\u00fcnter Reinel (Tel. 09233\/7711-22)<a class=\"moretag\" href=\"https:\/\/stadt-hohenberg.de\/index.php\/buergerservice\/oeffentliche-einrichtungen\/\">Read More&#8230;<\/a><\/p>\n","protected":false},"author":1,"featured_media":0,"parent":45,"menu_order":0,"comment_status":"closed","ping_status":"closed","template":"","meta":{"footnotes":"","_links_to":"","_links_to_target":""},"class_list":["post-79","page","type-page","status-publish","hentry"],"_links":{"self":[{"href":"https:\/\/stadt-hohenberg.de\/index.php\/wp-json\/wp\/v2\/pages\/79"}],"collection":[{"href":"https:\/\/stadt-hohenberg.de\/index.php\/wp-json\/wp\/v2\/pages"}],"about":[{"href":"https:\/\/stadt-hohenberg.de\/index.php\/wp-json\/wp\/v2\/types\/page"}],"author":[{"embeddable":true,"href":"https:\/\/stadt-hohenberg.de\/index.php\/wp-json\/wp\/v2\/users\/1"}],"replies":[{"embeddable":true,"href":"https:\/\/stadt-hohenberg.de\/index.php\/wp-json\/wp\/v2\/comments?post=79"}],"version-history":[{"count":1,"href":"https:\/\/stadt-hohenberg.de\/index.php\/wp-json\/wp\/v2\/pages\/79\/revisions"}],"predecessor-version":[{"id":4633,"href":"https:\/\/stadt-hohenberg.de\/index.php\/wp-json\/wp\/v2\/pages\/79\/revisions\/4633"}],"up":[{"embeddable":true,"href":"https:\/\/stadt-hohenberg.de\/index.php\/wp-json\/wp\/v2\/pages\/45"}],"wp:attachment":[{"href":"https:\/\/stadt-hohenberg.de\/index.php\/wp-json\/wp\/v2\/media?parent=79"}],"curies":[{"name":"wp","href":"https:\/\/api.w.org\/{rel}","templated":true}]}}