{"id":49,"date":"2014-01-08T14:52:17","date_gmt":"2014-01-08T12:52:17","guid":{"rendered":"http:\/\/www.hohenberg.info\/wordpress\/?page_id=49"},"modified":"2014-01-08T14:52:17","modified_gmt":"2014-01-08T12:52:17","slug":"kultur","status":"publish","type":"page","link":"https:\/\/stadt-hohenberg.de\/index.php\/kultur\/","title":{"rendered":"Kultur"},"content":{"rendered":"<p style=\"text-align: justify;\"><strong>Kultur geniessen und Feste feiern wie sie fallen<\/strong><\/p>\n<p>Seien Sie mit dabei beim z\u00fcnftigen Ritterfest oder einem der traditionellen Sommerfeste in Hohenberg oder den benachbarten Ortschaften.<\/p>\n<p><img loading=\"lazy\" decoding=\"async\" class=\"wp-image-257  alignright\" src=\"http:\/\/www.hohenberg.info\/wordpress\/wp-content\/uploads\/2014\/01\/SG102803-1024x685.jpg\" alt=\"SG102803\" width=\"304\" height=\"206\" \/><\/p>\n<p style=\"text-align: justify;\">Das kulturelle Angebot in der Region ist vielf\u00e4ltig. Sommertheater auf einer der sch\u00f6nsten Freilichtb\u00fchnen Deutschlands, Industrie- und Bauernhofmuseen, Konzerte, Kleinkunstb\u00fchnen, Ausstellungen und Vernissagen bildender Kunst, Festivals &#8211; auch grenz\u00fcbergreifend- und vieles mehr findet man im Umkreis von 50 km.<\/p>\n<p style=\"text-align: justify;\">Lokalkolorit, Individualit\u00e4t und famili\u00e4re Atmosph\u00e4re unterscheiden das Angebot von der Weitl\u00e4ufigkeit der Metropolen und bieten dem Gro\u00dfst\u00e4dter \u00fcberraschende Einblicke in das Lebensgef\u00fchl unserer Region und ihrer liebenswerten Menschen. Die \u00f6kologische Bildungsst\u00e4tte Burg Hohenberg e.v. bietet vielf\u00e4ltige Naturerlebnisse f\u00fcr gro\u00dfe und kleine, junge und alte Menschen mit und ohne Handicap. Neben der Stadtb\u00fccherei und dem Angebot der Volkshochschule bietet Hohenberg ein kultiviertes Vereinsleben,\u00a0 wobei auch Ferieng\u00e4ste nicht nur Zuschauer sind, sondern dazu geh\u00f6ren!<\/p>\n<p style=\"text-align: justify;\">Die deutsch-tschechischen Schulklassenbegegnungen auf der Burg sind ein wichtiger Beitrag f\u00fcr ein zuk\u00fcnftiges gemeinsames Europa.<\/p>\n<p><img loading=\"lazy\" decoding=\"async\" class=\"alignleft size-full wp-image-511\" src=\"http:\/\/www.hohenberg.info\/wordpress\/wp-content\/uploads\/2014\/01\/kultur-mosaik.jpg\" alt=\"kultur-mosaik\" width=\"1000\" height=\"909\" \/><\/p>\n","protected":false},"excerpt":{"rendered":"<p>Kultur geniessen und Feste feiern wie sie fallen Seien Sie mit dabei beim z\u00fcnftigen Ritterfest oder einem der traditionellen Sommerfeste in Hohenberg oder den benachbarten Ortschaften. Das kulturelle Angebot in der Region<a class=\"moretag\" href=\"https:\/\/stadt-hohenberg.de\/index.php\/kultur\/\">Read More&#8230;<\/a><\/p>\n","protected":false},"author":1,"featured_media":0,"parent":0,"menu_order":3,"comment_status":"closed","ping_status":"closed","template":"","meta":{"footnotes":"","_links_to":"","_links_to_target":""},"class_list":["post-49","page","type-page","status-publish","hentry"],"_links":{"self":[{"href":"https:\/\/stadt-hohenberg.de\/index.php\/wp-json\/wp\/v2\/pages\/49"}],"collection":[{"href":"https:\/\/stadt-hohenberg.de\/index.php\/wp-json\/wp\/v2\/pages"}],"about":[{"href":"https:\/\/stadt-hohenberg.de\/index.php\/wp-json\/wp\/v2\/types\/page"}],"author":[{"embeddable":true,"href":"https:\/\/stadt-hohenberg.de\/index.php\/wp-json\/wp\/v2\/users\/1"}],"replies":[{"embeddable":true,"href":"https:\/\/stadt-hohenberg.de\/index.php\/wp-json\/wp\/v2\/comments?post=49"}],"version-history":[{"count":0,"href":"https:\/\/stadt-hohenberg.de\/index.php\/wp-json\/wp\/v2\/pages\/49\/revisions"}],"wp:attachment":[{"href":"https:\/\/stadt-hohenberg.de\/index.php\/wp-json\/wp\/v2\/media?parent=49"}],"curies":[{"name":"wp","href":"https:\/\/api.w.org\/{rel}","templated":true}]}}