{"id":452,"date":"2014-05-16T10:41:05","date_gmt":"2014-05-16T08:41:05","guid":{"rendered":"http:\/\/www.hohenberg.info\/wordpress\/?page_id=452"},"modified":"2026-01-07T09:54:10","modified_gmt":"2026-01-07T09:54:10","slug":"2-quartal-2018","status":"publish","type":"page","link":"https:\/\/stadt-hohenberg.de\/index.php\/kultur\/terminkalender\/2-quartal-2018\/","title":{"rendered":"Termine 2. Quartal 2026"},"content":{"rendered":"<div class=\"entry-content\">\n<div class=\"entry-content\">\n<p><strong>April<br \/>\n<\/strong>01.04.\u00a0 \u00a0 \u00a0 \u00a0 \u00a0 \u00a0 \u00a0 \u00a0 \u00a0Siedler: 1. Heiz\u00f6lsammelbestellung<br \/>\n02.04.\u00a0 \u00a0 \u00a0 \u00a0 \u00a0 \u00a0 \u00a0 \u00a0 \u00a0Porzellanikon: Ferienprogramm (10.00 Uhr)<br \/>\n03.04.\u00a0 \u00a0 \u00a0 \u00a0 \u00a0 \u00a0 \u00a0 \u00a0 \u00a0kath. Kirche: Karfreitagsliturgie (15.00 Uhr)<br \/>\n03.04.\u00a0 \u00a0 \u00a0 \u00a0 \u00a0 \u00a0 \u00a0 \u00a0 \u00a0Porzellanikon: Kultur &amp; Porzellan am Feiertag \u2013 \u00f6ffentl. F\u00fchrung (14.00 Uhr)<br \/>\n04.04.\u00a0 \u00a0 \u00a0 \u00a0 \u00a0 \u00a0 \u00a0 \u00a0 \u00a0ev. Kirche Sdg: Osterfeuer (19.30 Uhr, Wildnisgarten Menzloh)<br \/>\n05.04.\u00a0 \u00a0 \u00a0 \u00a0 \u00a0 \u00a0 \u00a0 \u00a0 \u00a0kath. Kirche: Festgottesdienst zu Ostern (09.00 Uhr)<br \/>\n05.04.\u00a0 \u00a0 \u00a0 \u00a0 \u00a0 \u00a0 \u00a0 \u00a0 \u00a0Porzellanikon: Kultur &amp; Porzellan am Feiertag \u2013 \u00f6ffentl. F\u00fchrung (14.00 Uhr)<br \/>\n06.04.\u00a0 \u00a0 \u00a0 \u00a0 \u00a0 \u00a0 \u00a0 \u00a0 \u00a0Porzellanikon: Kultur &amp; Porzellan am Feiertag \u2013 \u00f6ffentl. F\u00fchrung (14.00 Uhr)<br \/>\n07.04.\u00a0 \u00a0 \u00a0 \u00a0 \u00a0 \u00a0 \u00a0 \u00a0 \u00a0SPD Hbg: Vorstandssitzung (19.00 Uhr, Gasthof Zum weissen Lamm)<br \/>\n09.04.\u00a0 \u00a0 \u00a0 \u00a0 \u00a0 \u00a0 \u00a0 \u00a0 \u00a0FGV Hbg: Seniorenwanderung<br \/>\n10.04.\u00a0 \u00a0 \u00a0 \u00a0 \u00a0 \u00a0 \u00a0 \u00a0 \u00a0VHS: Filzkurs Gefilzte Sitzkissen (17.00 \u2013 20.00 Uhr, Gew\u00f6lbe Gemeindezentrum)<br \/>\n11.04.\u00a0 \u00a0 \u00a0 \u00a0 \u00a0 \u00a0 \u00a0 \u00a0 \u00a0VdK: Jahreshauptversammlung mit Ehrungen (14.30 Uhr, FC-Heim Schirnding)<br \/>\n11.04.\u00a0 \u00a0 \u00a0 \u00a0 \u00a0 \u00a0 \u00a0 \u00a0 \u00a0FFW Hbg: Kaffeekr\u00e4nzchen (14.00 Uhr, FFW-Ger\u00e4tehaus)<br \/>\n12.04.\u00a0 \u00a0 \u00a0 \u00a0 \u00a0 \u00a0 \u00a0 \u00a0 \u00a0Porzellanikon: Familiennachmittag (14.30 Uhr)<br \/>\n14.04.\u00a0 \u00a0 \u00a0 \u00a0 \u00a0 \u00a0 \u00a0 \u00a0 \u00a0kath. Kirche: Seniorenmesse &amp; Seniorennachmittag (14.00 Uhr)<br \/>\n15.04.\u00a0 \u00a0 \u00a0 \u00a0 \u00a0 \u00a0 \u00a0 \u00a0 \u00a0Seniorenkreis (14.00 Uhr, Gemeindezentrum)<br \/>\n15.04.\u00a0 \u00a0 \u00a0 \u00a0 \u00a0 \u00a0 \u00a0 \u00a0 \u00a0Porzellanikon: Kulturkaffee \u2013 Porzellan und Pers\u00f6nlichkeiten<br \/>\n16.04.\u00a0 \u00a0 \u00a0 \u00a0 \u00a0 \u00a0 \u00a0 \u00a0 \u00a0Porzellanikon: Expertisentag mit Petra Werner (10.00 \u2013 17.00 Uhr)<br \/>\n17.04.\u00a0 \u00a0 \u00a0 \u00a0 \u00a0 \u00a0 \u00a0 \u00a0 \u00a0TSV: Jahreshauptversammlung (TSV-Heim)<br \/>\n18.04.\u00a0 \u00a0 \u00a0 \u00a0 \u00a0 \u00a0 \u00a0 \u00a0 \u00a0K\u00fcnstlerhaus: Ausstellung Andritzky (18.04. \u2013 17.05., Gemeindezentrum)<br \/>\n18.04.\u00a0 \u00a0 \u00a0 \u00a0 \u00a0 \u00a0 \u00a0 \u00a0 \u00a0FFW Hbg: Kinderfeuerwehr (09.30 Uhr, FFW-Ger\u00e4tehaus)<br \/>\n18.04.\u00a0 \u00a0 \u00a0 \u00a0 \u00a0 \u00a0 \u00a0 \u00a0 \u00a0FGV Sdg: Wandergruppe Schirnding (09.00 Uhr, Rathaus Schirnding)<br \/>\n19.04.\u00a0 \u00a0 \u00a0 \u00a0 \u00a0 \u00a0 \u00a0 \u00a0 \u00a0FGV Hbg+Sdg: Jahreshauptversammlung (FGV Hauptverein in Hohenberg)<br \/>\n19.04.\u00a0 \u00a0 \u00a0 \u00a0 \u00a0 \u00a0 \u00a0 \u00a0 \u00a0FGV Sdg: Fr\u00fchlingswanderung<br \/>\n23.04.\u00a0 \u00a0 \u00a0 \u00a0 \u00a0 \u00a0 \u00a0 \u00a0 \u00a0Orgelbauverein: Jahreshauptversammlung (19.00 Uhr)<br \/>\n24.04.\u00a0 \u00a0 \u00a0 \u00a0 \u00a0 \u00a0 \u00a0 \u00a0 \u00a0FCH: Jahreshauptversammlung mit Neuwahlen (19.00 Uhr, Gastst\u00e4tte Haidh\u00f6lzl)<br \/>\n24.\/25.04.\u00a0 \u00a0 \u00a0 \u00a0 \u00a0 Porzellanikon: Golden Evening \u2013 F\u00fchrung und festliches Abendessen (18.00 Uhr)<br \/>\n26.04.\u00a0 \u00a0 \u00a0 \u00a0 \u00a0 \u00a0 \u00a0 \u00a0 \u00a0Kastanienbr\u00e4u: Er\u00f6ffnung der neuen Braust\u00e4tte (13.00 Uhr, Bahnhofstr. 23, gegen\u00fcber Sparkasse)<br \/>\n26.04.\u00a0 \u00a0 \u00a0 \u00a0 \u00a0 \u00a0 \u00a0 \u00a0 \u00a0FGV Hbg: Halbtagswanderung am Waldstein<br \/>\n26.04.\u00a0 \u00a0 \u00a0 \u00a0 \u00a0 \u00a0 \u00a0 \u00a0 \u00a0FGV Sdg: H\u00fcttennachmittag<br \/>\n30.04.\u00a0 \u00a0 \u00a0 \u00a0 \u00a0 \u00a0 \u00a0 \u00a0 \u00a0FCS: Besenbrennen am FC-Sportheim<br \/>\n30.04.\u00a0 \u00a0 \u00a0 \u00a0 \u00a0 \u00a0 \u00a0 \u00a0 \u00a0FGV Hbg: Besenbrennen (Wiesenfestplatz)<br \/>\n30.04.\u00a0 \u00a0 \u00a0 \u00a0 \u00a0 \u00a0 \u00a0 \u00a0 \u00a0FFW Nhs: Feiern in den Mai (17.00 Uhr Ger\u00e4tehaus Neuhaus\/Eger)<\/p>\n<p><strong>Mai<br \/>\n<\/strong>01.05.\u00a0 \u00a0 \u00a0 \u00a0 \u00a0 \u00a0 \u00a0 \u00a0 \u00a0FFW Sdg: Maifest mit Maibaumaufstellen<br \/>\n01.05.\u00a0 \u00a0 \u00a0 \u00a0 \u00a0 \u00a0 \u00a0 \u00a0 \u00a0FFW Nhs: Maifest mit Maibaumaufstellen (10.00 Uhr Ger\u00e4tehaus Neuhaus\/Eger)<br \/>\n01.05.\u00a0 \u00a0 \u00a0 \u00a0 \u00a0 \u00a0 \u00a0 \u00a0 \u00a0Winkelgmoi: Winkelfest<br \/>\n01.05.\u00a0 \u00a0 \u00a0 \u00a0 \u00a0 \u00a0 \u00a0 \u00a0 \u00a0Porzellanikon: Kultur &amp; Porzellan am Feiertag \u2013 \u00f6ffentl. F\u00fchrung (14.00 Uhr)<br \/>\n03.05.\u00a0 \u00a0 \u00a0 \u00a0 \u00a0 \u00a0 \u00a0 \u00a0 \u00a0OGV Sdg: Bl\u00fctenfest im WildnisGartenMenzloh (14.00 Uhr)<br \/>\n03.05.\u00a0 \u00a0 \u00a0 \u00a0 \u00a0 \u00a0 \u00a0 \u00a0 \u00a0kath. Kirche: Sternwallfahrt zur Fatimakapelle<br \/>\n05.05.\u00a0 \u00a0 \u00a0 \u00a0 \u00a0 \u00a0 \u00a0 \u00a0 \u00a0kath. Kirche: Maiandacht in Fischern<br \/>\n07.05.\u00a0 \u00a0 \u00a0 \u00a0 \u00a0 \u00a0 \u00a0 \u00a0 \u00a0SPD Hbg: Vorstandssitzung (19.00 Uhr, Gasthof Zur Burg)<br \/>\n08.05.\u00a0 \u00a0 \u00a0 \u00a0 \u00a0 \u00a0 \u00a0 \u00a0 \u00a0ev. Kirche Sdg: Kirchenkneipe (18.00 Uhr, ev. Gemeindezentrum, Blumenstr. 2)<br \/>\n08.05.\u00a0 \u00a0 \u00a0 \u00a0 \u00a0 \u00a0 \u00a0 \u00a0 \u00a0FTK: Monatsversammlung<br \/>\n09.05.\u00a0 \u00a0 \u00a0 \u00a0 \u00a0 \u00a0 \u00a0 \u00a0 \u00a0Kita-Elisabeth: Kinderhausfest (14.00 Uhr, Elisabeth-Kinderhaus)<br \/>\n10.05.\u00a0 \u00a0 \u00a0 \u00a0 \u00a0 \u00a0 \u00a0 \u00a0 \u00a0ev. Kirche Sdg: Jubelkonfirmation (10.15, ev. Kirche)<br \/>\n10.05.\u00a0 \u00a0 \u00a0 \u00a0 \u00a0 \u00a0 \u00a0 \u00a0 \u00a0Porzellanikon: Familiennachmittag (14.30 Uhr)<br \/>\n12.05.\u00a0 \u00a0 \u00a0 \u00a0 \u00a0 \u00a0 \u00a0 \u00a0 \u00a0kath. Kirche: Seniorenmesse &amp; Seniorennachmittag mit Maiandacht (14.00 Uhr)<br \/>\n13.05.\u00a0 \u00a0 \u00a0 \u00a0 \u00a0 \u00a0 \u00a0 \u00a0 \u00a0VHS: Walking (8x mittwochs, 18.00 &#8211; 19.30 Uhr, Turnhalle Hbg.)<br \/>\n14.05.\u00a0 \u00a0 \u00a0 \u00a0 \u00a0 \u00a0 \u00a0 \u00a0 \u00a0FCH: Himmelfahrt im Biergarten<br \/>\n14.05.\u00a0 \u00a0 \u00a0 \u00a0 \u00a0 \u00a0 \u00a0 \u00a0 \u00a0ev. Kirche Hbg+Sdg: Himmelfahrtsgottesdienst in Fischern (10.00 Uhr)<br \/>\n14.05.\u00a0 \u00a0 \u00a0 \u00a0 \u00a0 \u00a0 \u00a0 \u00a0 \u00a0FGV Hbg: Seniorenwanderung<br \/>\n14.05.\u00a0 \u00a0 \u00a0 \u00a0 \u00a0 \u00a0 \u00a0 \u00a0 \u00a0Porzellanikon: Kultur &amp; Porzellan am Feiertag \u2013 \u00f6ffentl. F\u00fchrung (14.00 Uhr)<br \/>\n16.05.\u00a0 \u00a0 \u00a0 \u00a0 \u00a0 \u00a0 \u00a0 \u00a0 \u00a0FFW Hbg: Kinderfeuerwehr (09.30 Uhr, FFW-Ger\u00e4tehaus)<br \/>\n16.05.\u00a0 \u00a0 \u00a0 \u00a0 \u00a0 \u00a0 \u00a0 \u00a0 \u00a0kath. Kirche: Fu\u00dfwallfahrt nach Fuchsm\u00fchl (Treffpunkt 05.00 Uhr am Bahnhof Sdg.)<br \/>\n16.05.\u00a0 \u00a0 \u00a0 \u00a0 \u00a0 \u00a0 \u00a0 \u00a0 \u00a0FGV Sdg: Wandergruppe Schirnding (09.00 Uhr, Rathaus Schirnding)<br \/>\n17.05.\u00a0 \u00a0 \u00a0 \u00a0 \u00a0 \u00a0 \u00a0 \u00a0 \u00a0OGV Hbg: Gartenfest gemeinsam mit anderen Vereinen (Wiesenfestplatz)<br \/>\n17.05.\u00a0 \u00a0 \u00a0 \u00a0 \u00a0 \u00a0 \u00a0 \u00a0 \u00a0kath. Kirche: Festgottesdienst zur Erstkommunion (10.30 Uhr)<br \/>\n17.05.\u00a0 \u00a0 \u00a0 \u00a0 \u00a0 \u00a0 \u00a0 \u00a0 \u00a0Porzellanikon: Kuratorenf\u00fchrung \u2013 Die neue Dramaturgie des Essens (14.30 Uhr)<br \/>\n19.05.\u00a0 \u00a0 \u00a0 \u00a0 \u00a0 \u00a0 \u00a0 \u00a0 \u00a0kath. Kirche: Maiandacht in Oschwitz<br \/>\n20.05.\u00a0 \u00a0 \u00a0 \u00a0 \u00a0 \u00a0 \u00a0 \u00a0 \u00a0Seniorenkreis (14.00 Uhr, Gemeindezentrum)<br \/>\n20.05.\u00a0 \u00a0 \u00a0 \u00a0 \u00a0 \u00a0 \u00a0 \u00a0 \u00a0Porzellanikon: Kulturkaffee \u2013 Porzellan und Pers\u00f6nlichkeiten<br \/>\n22.05.\u00a0 \u00a0 \u00a0 \u00a0 \u00a0 \u00a0 \u00a0 \u00a0 \u00a0SPD Hbg: Jahreshauptversammlung (19.00 Uhr, Gastst\u00e4tte Haidh\u00f6lzl)<br \/>\n23.05.\u00a0 \u00a0 \u00a0 \u00a0 \u00a0 \u00a0 \u00a0 \u00a0 \u00a0FGV Sdg: Bieryoga am Festplatz (Arzberg)<br \/>\n24.05.\u00a0 \u00a0 \u00a0 \u00a0 \u00a0 \u00a0 \u00a0 \u00a0 \u00a0ev. Kirche Sdg: Konfirmation (10.15 Uhr, ev. Kirche Sdg.)<br \/>\n24.05.\u00a0 \u00a0 \u00a0 \u00a0 \u00a0 \u00a0 \u00a0 \u00a0 \u00a0Porzellanikon: Kultur &amp; Porzellan am Feiertag \u2013 \u00f6ffentl. F\u00fchrung (14.00 Uhr)<br \/>\n25.05.\u00a0 \u00a0 \u00a0 \u00a0 \u00a0 \u00a0 \u00a0 \u00a0 \u00a0FGV Hbg+Sdg: Zuckerhutfest<br \/>\n25.05.\u00a0 \u00a0 \u00a0 \u00a0 \u00a0 \u00a0 \u00a0 \u00a0 \u00a0Porzellanikon: Kultur &amp; Porzellan am Feiertag \u2013 \u00f6ffentl. F\u00fchrung (14.00 Uhr)<br \/>\n26.05.\u00a0 \u00a0 \u00a0 \u00a0 \u00a0 \u00a0 \u00a0 \u00a0 \u00a0kath. Kirche: Maiandacht in Hohenberg<br \/>\n29.05.\u00a0 \u00a0 \u00a0 \u00a0 \u00a0 \u00a0 \u00a0 \u00a0 \u00a0FTK: Monatsversammlung<br \/>\n31.05.\u00a0 \u00a0 \u00a0 \u00a0 \u00a0 \u00a0 \u00a0 \u00a0 \u00a0FGV Hbg: Radtour nach Sichersreuth<\/p>\n<p><strong>Juni<br \/>\n<\/strong>02.06.\u00a0 \u00a0 \u00a0 \u00a0 \u00a0 \u00a0 \u00a0 \u00a0 \u00a0SPD Hbg: Vorstandssitzung (19.00 Uhr, Gastst\u00e4tte Haidh\u00f6lzl)<br \/>\n04.06.\u00a0 \u00a0 \u00a0 \u00a0 \u00a0 \u00a0 \u00a0 \u00a0 \u00a0kath. Kirche: Festgottesdienst zu Fronleichnam mit Prozession, anschl. Fr\u00fchschoppen<br \/>\n04.06.\u00a0 \u00a0 \u00a0 \u00a0 \u00a0 \u00a0 \u00a0 \u00a0 \u00a0Porzellanikon: Ferienprogramm (10.00 Uhr)<br \/>\n04.06.\u00a0 \u00a0 \u00a0 \u00a0 \u00a0 \u00a0 \u00a0 \u00a0 \u00a0Porzellanikon: Kultur &amp; Porzellan am Feiertag \u2013 \u00f6ffentl. F\u00fchrung (14.00 Uhr)<br \/>\n04.-07.06.\u00a0 \u00a0 \u00a0 \u00a0 \u00a0 FGV Hbg: Viertagesfahrt Kr\u00f6v an der Mosel<br \/>\n07.06.\u00a0 \u00a0 \u00a0 \u00a0 \u00a0 \u00a0 \u00a0 \u00a0 \u00a0F\u00f6rderv. Milchhof: Gartenfest (hist. Milchhof)<br \/>\n09.06.\u00a0 \u00a0 \u00a0 \u00a0 \u00a0 \u00a0 \u00a0 \u00a0 \u00a0kath. Kirche: Seniorenmesse &amp; Seniorennachmittag (14.00 Uhr)<br \/>\n10.06.\u00a0 \u00a0 \u00a0 \u00a0 \u00a0 \u00a0 \u00a0 \u00a0 \u00a0Porzellanikon: Kulturkaffee \u2013 Porzellan und Pers\u00f6nlichkeiten<br \/>\n11.06.\u00a0 \u00a0 \u00a0 \u00a0 \u00a0 \u00a0 \u00a0 \u00a0 \u00a0WGM: Feierabendseidla (19.00 Uhr, Wildnisgarten Menzloh)<br \/>\n11.06.\u00a0 \u00a0 \u00a0 \u00a0 \u00a0 \u00a0 \u00a0 \u00a0 \u00a0FGV Hbg: Seniorenwanderung<br \/>\n11.06.\u00a0 \u00a0 \u00a0 \u00a0 \u00a0 \u00a0 \u00a0 \u00a0 \u00a0VHS: Aquarellmalerei f\u00fcr Beginner (4x donnerstags, 18.00 \u2013 20.00 Uhr, Gew\u00f6lbe Gemeindezentrum)<br \/>\n13.06.\u00a0 \u00a0 \u00a0 \u00a0 \u00a0 \u00a0 \u00a0 \u00a0 \u00a0Kiga Fuchsbau: Sommerfest<br \/>\n13.06.\u00a0 \u00a0 \u00a0 \u00a0 \u00a0 \u00a0 \u00a0 \u00a0 \u00a0FCS: Ehrenabend (FC-Sportheim)<br \/>\n13.06.\u00a0 \u00a0 \u00a0 \u00a0 \u00a0 \u00a0 \u00a0 \u00a0 \u00a0VdK: Grillnachmittag (14.30 Uhr, Gastst\u00e4tte Haidh\u00f6lzl)<br \/>\n13.06.\u00a0 \u00a0 \u00a0 \u00a0 \u00a0 \u00a0 \u00a0 \u00a0 \u00a0OGV Hbg: Vereinsfahrt<br \/>\n13.06.\u00a0 \u00a0 \u00a0 \u00a0 \u00a0 \u00a0 \u00a0 \u00a0 \u00a0FFW Hbg: Kinderfeuerwehr (09.30 Uhr, FFW-Ger\u00e4tehaus)<br \/>\n13.06.\u00a0 \u00a0 \u00a0 \u00a0 \u00a0 \u00a0 \u00a0 \u00a0 \u00a0FGV Sdg: Wandergruppe Schirnding (09.00 Uhr, Rathaus Schirnding)<br \/>\n14.06.\u00a0 \u00a0 \u00a0 \u00a0 \u00a0 \u00a0 \u00a0 \u00a0 \u00a0SPD Hbg: Fr\u00fchlingsfest mit Flohmarkt (10.00 Uhr, Wiesenfestplatz)<br \/>\n14.06.\u00a0 \u00a0 \u00a0 \u00a0 \u00a0 \u00a0 \u00a0 \u00a0 \u00a0FGV Hbg: Wasserdetektive im Menzlohtal<br \/>\n14.06.\u00a0 \u00a0 \u00a0 \u00a0 \u00a0 \u00a0 \u00a0 \u00a0 \u00a0Porzellanikon: Familiennachmittag (14.30 Uhr)<br \/>\n14.06.\u00a0 \u00a0 \u00a0 \u00a0 \u00a0 \u00a0 \u00a0 \u00a0 \u00a0FGV Sdg: H\u00fcttennachmittag<br \/>\n14.06.\u00a0 \u00a0 \u00a0 \u00a0 \u00a0 \u00a0 \u00a0 \u00a0 \u00a0Imkerverein: Standbegehung (10.00 Uhr, Treffpunkt wird noch bekannt gegeben)<br \/>\n17.06.\u00a0 \u00a0 \u00a0 \u00a0 \u00a0 \u00a0 \u00a0 \u00a0 \u00a0Seniorenkreis (14.00 Uhr, Gemeindezentrum)<br \/>\n18.06.\u00a0 \u00a0 \u00a0 \u00a0 \u00a0 \u00a0 \u00a0 \u00a0 \u00a0FGV Sdg: Feierabendradtour zum Kleehof<br \/>\n19.06.\u00a0 \u00a0 \u00a0 \u00a0 \u00a0 \u00a0 \u00a0 \u00a0 \u00a0CSU Sdg: Sonnwendfeuer (FC-Sportgel\u00e4nde)<br \/>\n19.06.\u00a0 \u00a0 \u00a0 \u00a0 \u00a0 \u00a0 \u00a0 \u00a0 \u00a0K\u00fcnstlerhaus: Ausstellung Resch (19.06. \u2013 12.07., Gemeindezentrum)<br \/>\n20.06.\u00a0 \u00a0 \u00a0 \u00a0 \u00a0 \u00a0 \u00a0 \u00a0 \u00a0FGV Sdg: Sonnwendfeuer mit Feuerredner \u201eFichtelgebirgswerner\u201c<br \/>\n20.06.\u00a0 \u00a0 \u00a0 \u00a0 \u00a0 \u00a0 \u00a0 \u00a0 \u00a0FCH: Biergartenfest (ab 14:30 Uhr, Gastst\u00e4tte Haidh\u00f6lzl)<br \/>\n21.06.\u00a0 \u00a0 \u00a0 \u00a0 \u00a0 \u00a0 \u00a0 \u00a0 \u00a0FGV Hbg+Sdg: Fr\u00fchjahrssternwanderung Bad Berneck<br \/>\n26.06.\u00a0 \u00a0 \u00a0 \u00a0 \u00a0 \u00a0 \u00a0 \u00a0 \u00a0FTK: Monatsversammlung<br \/>\n26.06.\u00a0 \u00a0 \u00a0 \u00a0 \u00a0 \u00a0 \u00a0 \u00a0 \u00a0Porzellanikon: Er\u00f6ffnung Studioausstellung Zschoke B\u00f6er (18.00 Uhr)<br \/>\n27.06.\u00a0 \u00a0 \u00a0 \u00a0 \u00a0 \u00a0 \u00a0 \u00a0 \u00a0FGV Sdg: Familienaktion<br \/>\n27.\/28.06.\u00a0 \u00a0 \u00a0 \u00a0 \u00a0 Schirndinger Wiesenfest<br \/>\n28.06.\u00a0 \u00a0 \u00a0 \u00a0 \u00a0 \u00a0 \u00a0 \u00a0 \u00a0Porzellanikon: Kuratorenf\u00fchrung \u2013 Die neue Dramaturgie des Essens (14.30 Uhr)<br \/>\n28.06.\u00a0 \u00a0 \u00a0 \u00a0 \u00a0 \u00a0 \u00a0 \u00a0 \u00a0FGV Sdg: Sommerwanderung<\/p>\n<\/div>\n<\/div>\n","protected":false},"excerpt":{"rendered":"<p>April 01.04.\u00a0 \u00a0 \u00a0 \u00a0 \u00a0 \u00a0 \u00a0 \u00a0 \u00a0Siedler: 1. Heiz\u00f6lsammelbestellung 02.04.\u00a0 \u00a0 \u00a0 \u00a0 \u00a0 \u00a0 \u00a0 \u00a0 \u00a0Porzellanikon: Ferienprogramm (10.00 Uhr) 03.04.\u00a0 \u00a0 \u00a0 \u00a0 \u00a0 \u00a0 \u00a0 \u00a0<a class=\"moretag\" href=\"https:\/\/stadt-hohenberg.de\/index.php\/kultur\/terminkalender\/2-quartal-2018\/\">Read More&#8230;<\/a><\/p>\n","protected":false},"author":1,"featured_media":0,"parent":441,"menu_order":1,"comment_status":"closed","ping_status":"closed","template":"","meta":{"footnotes":"","_links_to":"","_links_to_target":""},"class_list":["post-452","page","type-page","status-publish","hentry"],"_links":{"self":[{"href":"https:\/\/stadt-hohenberg.de\/index.php\/wp-json\/wp\/v2\/pages\/452"}],"collection":[{"href":"https:\/\/stadt-hohenberg.de\/index.php\/wp-json\/wp\/v2\/pages"}],"about":[{"href":"https:\/\/stadt-hohenberg.de\/index.php\/wp-json\/wp\/v2\/types\/page"}],"author":[{"embeddable":true,"href":"https:\/\/stadt-hohenberg.de\/index.php\/wp-json\/wp\/v2\/users\/1"}],"replies":[{"embeddable":true,"href":"https:\/\/stadt-hohenberg.de\/index.php\/wp-json\/wp\/v2\/comments?post=452"}],"version-history":[{"count":8,"href":"https:\/\/stadt-hohenberg.de\/index.php\/wp-json\/wp\/v2\/pages\/452\/revisions"}],"predecessor-version":[{"id":4608,"href":"https:\/\/stadt-hohenberg.de\/index.php\/wp-json\/wp\/v2\/pages\/452\/revisions\/4608"}],"up":[{"embeddable":true,"href":"https:\/\/stadt-hohenberg.de\/index.php\/wp-json\/wp\/v2\/pages\/441"}],"wp:attachment":[{"href":"https:\/\/stadt-hohenberg.de\/index.php\/wp-json\/wp\/v2\/media?parent=452"}],"curies":[{"name":"wp","href":"https:\/\/api.w.org\/{rel}","templated":true}]}}