{"id":436,"date":"2014-05-16T10:09:38","date_gmt":"2014-05-16T08:09:38","guid":{"rendered":"http:\/\/www.hohenberg.info\/wordpress\/?page_id=436"},"modified":"2026-01-07T12:28:40","modified_gmt":"2026-01-07T12:28:40","slug":"hohenberger-tapetenmanufaktur","status":"publish","type":"page","link":"https:\/\/stadt-hohenberg.de\/index.php\/tourismus\/werksverkaeufe\/hohenberger-tapetenmanufaktur\/","title":{"rendered":"Hohenberger Manufaktur f\u00fcr Tapeten"},"content":{"rendered":"<h5><strong>Tapeten aus Hohenberg \u2013 wundersch\u00f6n und wohngesund<\/strong><\/h5>\n<p style=\"text-align: justify;\">Die Geschichte der Hohenberger Manufaktur f\u00fcr Tapeten reicht zur\u00fcck bis in die 30er Jahre. Ein K\u00fcnstler war er, der Herr Paul Taubert und setzte seine Ideen aus der M\u00fcnchner Akademie hier bei uns in Hohenberg in Wandkunst um. Er pr\u00e4gte die Firmenentwicklung von der handgefertigten Malerwalze bis hin zur Manufaktur-Tapete. Ganz praktisch wurde die Kunst von der Rolle so zur Pr\u00eat \u00e0 Porter f\u00fcr die Wand.<\/p>\n<p style=\"text-align: justify;\">Basierend auf dem K\u00f6nnen des Gro\u00dfvaters fertigt das familiengef\u00fchrte Unternehmen auch heute wundersch\u00f6ne Wandbel\u00e4ge mit einzigartigen Oberfl\u00e4chen. Nachhaltigkeit und Wohngesundheit sind neben dem Design ein wichtiges Argument, mit dem man bei anspruchsvollen Endverbrauchern, hochwertigen Textilverlagen, Editeuren und H\u00e4ndlern punktet.<\/p>\n<p style=\"text-align: justify;\">Alle Hohenberger Tapeten und Wandbilder sind grunds\u00e4tzlich frei von PVC, Weichmachern und L\u00f6sungsmitteln, alle Farben- und Beschichtungssysteme wasserbasiert. Das verwendete Papier stammt ausschlie\u00dflich aus zertifizierten Bezugsquellen, welche vorbildliche Forstwirtschaft garantieren. Die nachhaltige Produktion achtet besonders auf Energieeffizienz und besonders schonende Verwendung von Ressourcen.<\/p>\n<p style=\"text-align: justify;\">Dabei beweist die Hohenberger Manufaktur f\u00fcr Tapeten mit jeder neuen Kollektion, dass man Nachhaltigkeit und Wohngesundheit praktizieren und gleichzeitig edelste Designs hochwertig produzieren kann. Glitzernde Glasperlen und echte Granitsteinchen, gl\u00e4nzende Spezialeffekte oder die Kombination aus verschiedenen Untergr\u00fcnden und Ebenen machen Tapeten aus Hohenberg zu etwas ganz Besonderem.<\/p>\n<p style=\"text-align: justify;\">Und das Beste zum Schluss: Vliestapeten von Hohenberger sind schnell und einfach an die Wand gebracht. Auch in Ihrem Zuhause. Besuchen Sie den Hohenberger Werksverkauf und w\u00e4hlen Sie aus aktuellen Kollektionen und Sonderartikeln.<\/p>\n<p>\u00d6ffnungszeiten:<br \/>\nMo bis Mi 09:30-13.30 Uhr<br \/>\nDonnerstag 09:30-16:00 Uhr<br \/>\nFreitag 09:30-18:00 Uhr<br \/>\nSamstag 10:00-13:00 Uhr<\/p>\n<p>Hohenberger Manufaktur f\u00fcr Tapeten<br \/>\nSchirndinger Str. 10, 95691 Hohenberg a. d. Eger<br \/>\nTel. 09233\/71401-45<br \/>\n<a href=\"http:\/\/www.hohenberger-wallcoverings.com\" target=\"_blank\" rel=\"noopener\">www.hohenberger-wallcoverings.com<\/a><\/p>\n","protected":false},"excerpt":{"rendered":"<p>Tapeten aus Hohenberg \u2013 wundersch\u00f6n und wohngesund Die Geschichte der Hohenberger Manufaktur f\u00fcr Tapeten reicht zur\u00fcck bis in die 30er Jahre. Ein K\u00fcnstler war er, der Herr Paul Taubert und setzte seine<a class=\"moretag\" href=\"https:\/\/stadt-hohenberg.de\/index.php\/tourismus\/werksverkaeufe\/hohenberger-tapetenmanufaktur\/\">Read More&#8230;<\/a><\/p>\n","protected":false},"author":1,"featured_media":0,"parent":409,"menu_order":2,"comment_status":"closed","ping_status":"closed","template":"","meta":{"footnotes":"","_links_to":"","_links_to_target":""},"class_list":["post-436","page","type-page","status-publish","hentry"],"_links":{"self":[{"href":"https:\/\/stadt-hohenberg.de\/index.php\/wp-json\/wp\/v2\/pages\/436"}],"collection":[{"href":"https:\/\/stadt-hohenberg.de\/index.php\/wp-json\/wp\/v2\/pages"}],"about":[{"href":"https:\/\/stadt-hohenberg.de\/index.php\/wp-json\/wp\/v2\/types\/page"}],"author":[{"embeddable":true,"href":"https:\/\/stadt-hohenberg.de\/index.php\/wp-json\/wp\/v2\/users\/1"}],"replies":[{"embeddable":true,"href":"https:\/\/stadt-hohenberg.de\/index.php\/wp-json\/wp\/v2\/comments?post=436"}],"version-history":[{"count":16,"href":"https:\/\/stadt-hohenberg.de\/index.php\/wp-json\/wp\/v2\/pages\/436\/revisions"}],"predecessor-version":[{"id":4622,"href":"https:\/\/stadt-hohenberg.de\/index.php\/wp-json\/wp\/v2\/pages\/436\/revisions\/4622"}],"up":[{"embeddable":true,"href":"https:\/\/stadt-hohenberg.de\/index.php\/wp-json\/wp\/v2\/pages\/409"}],"wp:attachment":[{"href":"https:\/\/stadt-hohenberg.de\/index.php\/wp-json\/wp\/v2\/media?parent=436"}],"curies":[{"name":"wp","href":"https:\/\/api.w.org\/{rel}","templated":true}]}}