{"id":4048,"date":"2022-10-19T10:38:18","date_gmt":"2022-10-19T10:38:18","guid":{"rendered":"https:\/\/stadt-hohenberg.de\/?page_id=4048"},"modified":"2022-10-19T10:42:11","modified_gmt":"2022-10-19T10:42:11","slug":"poi-3-die-carolinenquelle","status":"publish","type":"page","link":"https:\/\/stadt-hohenberg.de\/index.php\/tourismus\/rundwanderwege\/poi-3-die-carolinenquelle\/","title":{"rendered":"POI 4: Die Carolinenquelle"},"content":{"rendered":"<p style=\"text-align: justify;\"><strong>Der \u201eCarolinensprudel\u201c oder Sauerbrunnen &#8211; \u200b\u200b\u200beine Mineralquelle an&nbsp;der&nbsp;Eger<\/strong><\/p>\n<p style=\"text-align: justify;\">\u200b\u200b\u200bEs ist einem g\u00fcnstigen geologischen Umstand zu verdanken, dass gerade in einem des sch\u00f6nsten Teils des Egertales, nur wenige Meter vom Flu\u00df entfernt, eine heilkr\u00e4ftige Mineralquelle zu Tage tritt. Die Quelle auf der \u201eKuppelwiese\u201c am Naturpark \u201eKocherrangen\u201c gelegen, wird bereits im fr\u00fchen 17. Jahrhundert genannt. Seit 1618 besuchen Markgraf Christian, Kanzler Capar Urban von Feilitzsch und Hauptmann M\u00fcffling-Wei\u00df immer wieder die Quelle, nehmen auf der Burg Quartier und unterzogen sich einer Sauerbrunnenkur. Insbesondere bei Gichtleiden entfaltete das Quellwasser seine gute Wirkung.<\/p>\n<p style=\"text-align: justify;\"><a href=\"https:\/\/stadt-hohenberg.de\/wp-content\/uploads\/2021\/04\/IMG_3817-scaled.jpg\" target=\"_blank\" rel=\"noopener\"><img loading=\"lazy\" decoding=\"async\" class=\"aligncenter wp-image-3519 size-large\" src=\"https:\/\/stadt-hohenberg.de\/wp-content\/uploads\/2021\/04\/IMG_3817-1024x768.jpg\" alt=\"\" width=\"1024\" height=\"768\" srcset=\"https:\/\/stadt-hohenberg.de\/wp-content\/uploads\/2021\/04\/IMG_3817-1024x768.jpg 1024w, https:\/\/stadt-hohenberg.de\/wp-content\/uploads\/2021\/04\/IMG_3817-300x225.jpg 300w, https:\/\/stadt-hohenberg.de\/wp-content\/uploads\/2021\/04\/IMG_3817-768x576.jpg 768w, https:\/\/stadt-hohenberg.de\/wp-content\/uploads\/2021\/04\/IMG_3817-1536x1152.jpg 1536w, https:\/\/stadt-hohenberg.de\/wp-content\/uploads\/2021\/04\/IMG_3817-2048x1536.jpg 2048w\" sizes=\"(max-width: 1024px) 100vw, 1024px\" \/><\/a><br \/>\nIn einem Liter Quellwasser sind 836 mg gel\u00f6ste feste Mineralstofffe enthalten. (Die Nomenklatur schreibt f\u00fcr die Bezeichnung \u201eHeilwasser\u201c 1000 mg Mineralfeststoffe vor). In dem stark Kohlendioxid und eisenhaltige S\u00e4uerling walten die Erdalkalien Calcium und Magnesium, sowie als Anion Hydrogencarbonat vor. Bemerkenswert der geringe Natriumgehalt. Die Quelle befindet sich seit 1922 in St\u00e4dtischen Besitz und wurde bis 1945 durch die Stadtverwaltung betrieben. Nach Ende des 2. Weltkriegs erfolgte der Wasservertrieb durch die Fa. Br\u00fcckner &amp; Grottenm\u00fcllser und ab 1965 \u00fcbenahm&nbsp;&nbsp;Herr Klotz, Selb, den Mineralwasservertrieb bis Ende 1975.<\/p>\n<p style=\"text-align: justify;\">Der Abf\u00fcllbetrieb wurde bis 1979 verpachtet, die Errichtung eines neuen Abf\u00fcllgeb\u00e4udes des neuen P\u00e4chters (Hans Beyer, dann G\u00fcnter Kollmar) war geplant, wurde jedoch nicht realisiert. Die alte Anlage wurde 1979 abgerissen.<\/p>\n","protected":false},"excerpt":{"rendered":"<p>Der \u201eCarolinensprudel\u201c oder Sauerbrunnen &#8211; \u200b\u200b\u200beine Mineralquelle an&nbsp;der&nbsp;Eger \u200b\u200b\u200bEs ist einem g\u00fcnstigen geologischen Umstand zu verdanken, dass gerade in einem des sch\u00f6nsten Teils des Egertales, nur wenige Meter vom Flu\u00df entfernt, eine<a class=\"moretag\" href=\"https:\/\/stadt-hohenberg.de\/index.php\/tourismus\/rundwanderwege\/poi-3-die-carolinenquelle\/\">Read More&#8230;<\/a><\/p>\n","protected":false},"author":1,"featured_media":0,"parent":2913,"menu_order":103,"comment_status":"closed","ping_status":"closed","template":"","meta":{"footnotes":"","_links_to":"","_links_to_target":""},"class_list":["post-4048","page","type-page","status-publish","hentry"],"_links":{"self":[{"href":"https:\/\/stadt-hohenberg.de\/index.php\/wp-json\/wp\/v2\/pages\/4048"}],"collection":[{"href":"https:\/\/stadt-hohenberg.de\/index.php\/wp-json\/wp\/v2\/pages"}],"about":[{"href":"https:\/\/stadt-hohenberg.de\/index.php\/wp-json\/wp\/v2\/types\/page"}],"author":[{"embeddable":true,"href":"https:\/\/stadt-hohenberg.de\/index.php\/wp-json\/wp\/v2\/users\/1"}],"replies":[{"embeddable":true,"href":"https:\/\/stadt-hohenberg.de\/index.php\/wp-json\/wp\/v2\/comments?post=4048"}],"version-history":[{"count":5,"href":"https:\/\/stadt-hohenberg.de\/index.php\/wp-json\/wp\/v2\/pages\/4048\/revisions"}],"predecessor-version":[{"id":4053,"href":"https:\/\/stadt-hohenberg.de\/index.php\/wp-json\/wp\/v2\/pages\/4048\/revisions\/4053"}],"up":[{"embeddable":true,"href":"https:\/\/stadt-hohenberg.de\/index.php\/wp-json\/wp\/v2\/pages\/2913"}],"wp:attachment":[{"href":"https:\/\/stadt-hohenberg.de\/index.php\/wp-json\/wp\/v2\/media?parent=4048"}],"curies":[{"name":"wp","href":"https:\/\/api.w.org\/{rel}","templated":true}]}}