{"id":3977,"date":"2022-06-30T10:12:06","date_gmt":"2022-06-30T10:12:06","guid":{"rendered":"https:\/\/stadt-hohenberg.de\/?page_id=3977"},"modified":"2022-06-30T10:12:16","modified_gmt":"2022-06-30T10:12:16","slug":"das-buch-zum-jubilaeum","status":"publish","type":"page","link":"https:\/\/stadt-hohenberg.de\/index.php\/beispiel-seite\/stadtjubilaeum\/das-buch-zum-jubilaeum\/","title":{"rendered":"Das Buch zum Jubil\u00e4um"},"content":{"rendered":"<h4>800 Jahre Hohenberger Geschichte<\/h4>\n<p style=\"text-align: justify;\">Ein Ortsjubil\u00e4um ist ein hervorragender Anlass f\u00fcr einen Br\u00fcckenschlag von Vergangenheit, Gegenwart und Zukunft. Das Jubil\u00e4um soll zeigen, dass es sich lohnt in Hohenberg a. d. Eger nicht nur zu wohnen, sondern hier zu leben. Erinnerungen an die Heimatgeschichte sollen wachgerufen werden und deutlich machen, dass sich die Auseinandersetzung mit der Geschichte f\u00fcr unser heutiges Zusammenleben gelohnt hat. F\u00fcr die Gegenwart und Zukunft konnten dadurch die richtigen Weichenstellungen geplant und umgesetzt werden.<\/p>\n<p style=\"text-align: justify;\"><a href=\"https:\/\/stadt-hohenberg.de\/wp-content\/uploads\/2022\/06\/buch-800-jahre-scaled.jpg\" target=\"_blank\" rel=\"noopener\"><img loading=\"lazy\" decoding=\"async\" class=\"alignright wp-image-3978\" src=\"https:\/\/stadt-hohenberg.de\/wp-content\/uploads\/2022\/06\/buch-800-jahre-213x300.jpg\" alt=\"\" width=\"300\" height=\"422\" srcset=\"https:\/\/stadt-hohenberg.de\/wp-content\/uploads\/2022\/06\/buch-800-jahre-213x300.jpg 213w, https:\/\/stadt-hohenberg.de\/wp-content\/uploads\/2022\/06\/buch-800-jahre-727x1024.jpg 727w, https:\/\/stadt-hohenberg.de\/wp-content\/uploads\/2022\/06\/buch-800-jahre-768x1082.jpg 768w, https:\/\/stadt-hohenberg.de\/wp-content\/uploads\/2022\/06\/buch-800-jahre-1091x1536.jpg 1091w, https:\/\/stadt-hohenberg.de\/wp-content\/uploads\/2022\/06\/buch-800-jahre-1454x2048.jpg 1454w, https:\/\/stadt-hohenberg.de\/wp-content\/uploads\/2022\/06\/buch-800-jahre-scaled.jpg 1818w\" sizes=\"(max-width: 300px) 100vw, 300px\" \/><\/a>Mit dieser Chronik m\u00f6chten wir Ihnen einen Einblick in die Ortsgeschichte, die nachweisbar bis ins Jahr 1222 zur\u00fcckgeht, erm\u00f6glichen. In diesem Jahr wird n\u00e4mlich in einer Urkunde des Klosters Waldsassen ein ritterlicher Zeuge aufgef\u00fchrt, welcher sich nach der Burg Hohenberg benannte: Bechtoldus de honberg.<\/p>\n<p style=\"text-align: justify;\">Sie haben somit die Gelegenheit, sich mit der Geschichte des Ortes intensiv zu befassen, sich an die Menschen zu erinnern, die dort in der Vergangenheit gelebt haben. Wir hoffen, dass mit dieser Chronik bei der \u00e4lteren Generation Erinnerungen geweckt und bei den j\u00fcngeren das Verst\u00e4ndnis f\u00fcr das Wirken ihrer Vorfahren hervorgerufen wird.<\/p>\n<p style=\"text-align: justify;\">Fremde oder Neuzuz\u00fcgler k\u00f6nnen mit diesem Werk einen Eindruck von unserem besonderen St\u00e4dtchen erhalten.<\/p>\n<p><strong><em>Das Buch ist bei der Verwaltungsgemeinschaft Schirnding f\u00fcr 10,00 \u20ac erh\u00e4ltlich!<\/em><\/strong><\/p>\n","protected":false},"excerpt":{"rendered":"<p>800 Jahre Hohenberger Geschichte Ein Ortsjubil\u00e4um ist ein hervorragender Anlass f\u00fcr einen Br\u00fcckenschlag von Vergangenheit, Gegenwart und Zukunft. Das Jubil\u00e4um soll zeigen, dass es sich lohnt in Hohenberg a. d. Eger nicht<a class=\"moretag\" href=\"https:\/\/stadt-hohenberg.de\/index.php\/beispiel-seite\/stadtjubilaeum\/das-buch-zum-jubilaeum\/\">Read More&#8230;<\/a><\/p>\n","protected":false},"author":1,"featured_media":0,"parent":3960,"menu_order":1,"comment_status":"closed","ping_status":"closed","template":"","meta":{"footnotes":"","_links_to":"","_links_to_target":""},"class_list":["post-3977","page","type-page","status-publish","hentry"],"_links":{"self":[{"href":"https:\/\/stadt-hohenberg.de\/index.php\/wp-json\/wp\/v2\/pages\/3977"}],"collection":[{"href":"https:\/\/stadt-hohenberg.de\/index.php\/wp-json\/wp\/v2\/pages"}],"about":[{"href":"https:\/\/stadt-hohenberg.de\/index.php\/wp-json\/wp\/v2\/types\/page"}],"author":[{"embeddable":true,"href":"https:\/\/stadt-hohenberg.de\/index.php\/wp-json\/wp\/v2\/users\/1"}],"replies":[{"embeddable":true,"href":"https:\/\/stadt-hohenberg.de\/index.php\/wp-json\/wp\/v2\/comments?post=3977"}],"version-history":[{"count":2,"href":"https:\/\/stadt-hohenberg.de\/index.php\/wp-json\/wp\/v2\/pages\/3977\/revisions"}],"predecessor-version":[{"id":3980,"href":"https:\/\/stadt-hohenberg.de\/index.php\/wp-json\/wp\/v2\/pages\/3977\/revisions\/3980"}],"up":[{"embeddable":true,"href":"https:\/\/stadt-hohenberg.de\/index.php\/wp-json\/wp\/v2\/pages\/3960"}],"wp:attachment":[{"href":"https:\/\/stadt-hohenberg.de\/index.php\/wp-json\/wp\/v2\/media?parent=3977"}],"curies":[{"name":"wp","href":"https:\/\/api.w.org\/{rel}","templated":true}]}}