{"id":389,"date":"2014-05-12T13:45:16","date_gmt":"2014-05-12T11:45:16","guid":{"rendered":"http:\/\/www.hohenberg.info\/wordpress\/?page_id=389"},"modified":"2021-04-01T19:53:39","modified_gmt":"2021-04-01T19:53:39","slug":"porzellanikon","status":"publish","type":"page","link":"https:\/\/stadt-hohenberg.de\/index.php\/tourismus\/porzellanikon\/","title":{"rendered":"Porzellanikon"},"content":{"rendered":"<p style=\"text-align: justify;\"><strong>Porzellan-Geschichte(n) aus Hohenberg 1814<\/strong><\/p>\n<p style=\"text-align: justify;\">Oder sollte man eigentlich sagen:<br \/>\nDie sch\u00f6nsten Geschichten erz\u00e4hlt das (Liebes-) Leben?<\/p>\n<p style=\"text-align: justify;\">Als sich ein junger Mann aus Th\u00fcringen so um 1812 in eine h\u00fcbsche Hohenbergerin verliebte (Vorsicht, die gibt es auch heute noch!) war ihm sicherlich nicht klar, was er damit anrichten w\u00fcrde.<\/p>\n<p style=\"text-align: justify;\">\u00a0Heute mu\u00df man sagen: Dank sei ihm und seinem knauserigen Vater. Denn so mu\u00dfte Carolus Magnus Hutschenreuther Geld verdienen. Er fand Kaolin, den wichtigsten Rohstoff f\u00fcr Porzellan, auf dem nahegelegenen Steinberg, erhielt nach z\u00e4hem Ringen die Erlaubnis zum Betrieb einer privaten Porzellanmanufaktur und legte somit den Grundstein f\u00fcr die industrielle Fertigung von Porzellan in Oberfranken.<\/p>\n<p style=\"text-align: justify;\">Hohenberg war somit die Wiege der nordbayrischen Porzellanindustrie. Es entwickelten sich Weltfirmen, die zum Teil auch heute noch existieren. Porzellangeschichte und\u00a0 Geschichten k\u00f6nnen Sie auch heute noch erleben.<\/p>\n<p style=\"text-align: justify;\"><img loading=\"lazy\" decoding=\"async\" class=\"wp-image-3482 aligncenter\" src=\"https:\/\/stadt-hohenberg.de\/wp-content\/uploads\/2021\/04\/museum_eingang-1024x646.jpg\" alt=\"\" width=\"680\" height=\"429\" srcset=\"https:\/\/stadt-hohenberg.de\/wp-content\/uploads\/2021\/04\/museum_eingang-1024x646.jpg 1024w, https:\/\/stadt-hohenberg.de\/wp-content\/uploads\/2021\/04\/museum_eingang-300x189.jpg 300w, https:\/\/stadt-hohenberg.de\/wp-content\/uploads\/2021\/04\/museum_eingang-768x484.jpg 768w, https:\/\/stadt-hohenberg.de\/wp-content\/uploads\/2021\/04\/museum_eingang-1536x969.jpg 1536w, https:\/\/stadt-hohenberg.de\/wp-content\/uploads\/2021\/04\/museum_eingang-2048x1292.jpg 2048w\" sizes=\"(max-width: 680px) 100vw, 680px\" \/><\/p>\n<p style=\"text-align: justify;\">Im Porzellanikon,dem Museum f\u00fcr deutsche Porzellankultur schlechthin, oder im Industriemuseum in Selb, wo der Schwerpunkt auf dem Fertigungsaspekt liegt. Nirgendwo auf der Welt kann man Porzellan in dieser Vielfalt und Qualit\u00e4t zu besseren Preisen bestaunen und kaufen als hier, woher es kommt.<\/p>\n<p><img loading=\"lazy\" decoding=\"async\" class=\"wp-image-3484 alignleft\" src=\"https:\/\/stadt-hohenberg.de\/wp-content\/uploads\/2021\/04\/museum_innen-300x211.jpg\" alt=\"\" width=\"220\" height=\"155\" srcset=\"https:\/\/stadt-hohenberg.de\/wp-content\/uploads\/2021\/04\/museum_innen-300x211.jpg 300w, https:\/\/stadt-hohenberg.de\/wp-content\/uploads\/2021\/04\/museum_innen-1024x719.jpg 1024w, https:\/\/stadt-hohenberg.de\/wp-content\/uploads\/2021\/04\/museum_innen-768x539.jpg 768w, https:\/\/stadt-hohenberg.de\/wp-content\/uploads\/2021\/04\/museum_innen.jpg 1156w\" sizes=\"(max-width: 220px) 100vw, 220px\" \/><\/p>\n<p style=\"text-align: justify;\">Das Museum hat das ganze Jahr dienstags bis sonntags, von 10.00 bis 17.00 Uhr\u00a0 ge\u00f6ffnet und freut sich nat\u00fcrlich auf zahlreiche Besucher!<\/p>\n<p><strong>Infos unter:<\/strong><br \/>\n<a title=\"Porzellanikon\" href=\"http:\/\/www.porzellanikon.org\" target=\"_blank\" rel=\"noopener\">www.porzellanikon.org<\/a><br \/>\ndpm@porzellanikon.org<br \/>\nTel. 09233\/772201, Fax 09233\/772208<\/p>\n","protected":false},"excerpt":{"rendered":"<p>Porzellan-Geschichte(n) aus Hohenberg 1814 Oder sollte man eigentlich sagen: Die sch\u00f6nsten Geschichten erz\u00e4hlt das (Liebes-) Leben? Als sich ein junger Mann aus Th\u00fcringen so um 1812 in eine h\u00fcbsche Hohenbergerin verliebte (Vorsicht,<a class=\"moretag\" href=\"https:\/\/stadt-hohenberg.de\/index.php\/tourismus\/porzellanikon\/\">Read More&#8230;<\/a><\/p>\n","protected":false},"author":1,"featured_media":0,"parent":47,"menu_order":4,"comment_status":"closed","ping_status":"closed","template":"","meta":{"footnotes":"","_links_to":"","_links_to_target":""},"class_list":["post-389","page","type-page","status-publish","hentry"],"_links":{"self":[{"href":"https:\/\/stadt-hohenberg.de\/index.php\/wp-json\/wp\/v2\/pages\/389"}],"collection":[{"href":"https:\/\/stadt-hohenberg.de\/index.php\/wp-json\/wp\/v2\/pages"}],"about":[{"href":"https:\/\/stadt-hohenberg.de\/index.php\/wp-json\/wp\/v2\/types\/page"}],"author":[{"embeddable":true,"href":"https:\/\/stadt-hohenberg.de\/index.php\/wp-json\/wp\/v2\/users\/1"}],"replies":[{"embeddable":true,"href":"https:\/\/stadt-hohenberg.de\/index.php\/wp-json\/wp\/v2\/comments?post=389"}],"version-history":[{"count":15,"href":"https:\/\/stadt-hohenberg.de\/index.php\/wp-json\/wp\/v2\/pages\/389\/revisions"}],"predecessor-version":[{"id":3498,"href":"https:\/\/stadt-hohenberg.de\/index.php\/wp-json\/wp\/v2\/pages\/389\/revisions\/3498"}],"up":[{"embeddable":true,"href":"https:\/\/stadt-hohenberg.de\/index.php\/wp-json\/wp\/v2\/pages\/47"}],"wp:attachment":[{"href":"https:\/\/stadt-hohenberg.de\/index.php\/wp-json\/wp\/v2\/media?parent=389"}],"curies":[{"name":"wp","href":"https:\/\/api.w.org\/{rel}","templated":true}]}}