{"id":3875,"date":"2022-02-18T11:14:14","date_gmt":"2022-02-18T11:14:14","guid":{"rendered":"https:\/\/stadt-hohenberg.de\/?page_id=3875"},"modified":"2022-10-19T10:32:42","modified_gmt":"2022-10-19T10:32:42","slug":"poi-2-die-freistatt-saeulen-am-burg-eingang","status":"publish","type":"page","link":"https:\/\/stadt-hohenberg.de\/index.php\/tourismus\/rundwanderwege\/poi-2-die-freistatt-saeulen-am-burg-eingang\/","title":{"rendered":"POI 2: Die Freistatt \u2013 S\u00e4ulen am Burg-Eingang"},"content":{"rendered":"<p style=\"text-align: justify;\">Der \u201egefreyte Bezirk\u201c der \u201ekaiserlichen Freistatt\u201c war bis 1799, dem Jahr ihrer verordneten Aufhebung, durch sogenannte Freiungs- oder Geleits-S\u00e4ulen abgegrenzt. Die Granit-Obelisken standen an den Ortseing\u00e4ngen und markierten die r\u00e4umliche Begrenzung der kaiserlichen Freiung. Heute stehen die barock anmutenden S\u00e4ulen auf reich profilierten Konsolen seit 2004 am Burgeingang.<\/p>\n<p style=\"text-align: justify;\"><a href=\"https:\/\/stadt-hohenberg.de\/wp-content\/uploads\/2022\/02\/freistatt.png\" target=\"_blank\" rel=\"noopener\"><img loading=\"lazy\" decoding=\"async\" class=\"aligncenter wp-image-3876\" src=\"https:\/\/stadt-hohenberg.de\/wp-content\/uploads\/2022\/02\/freistatt.png\" alt=\"\" width=\"509\" height=\"368\" srcset=\"https:\/\/stadt-hohenberg.de\/wp-content\/uploads\/2022\/02\/freistatt.png 821w, https:\/\/stadt-hohenberg.de\/wp-content\/uploads\/2022\/02\/freistatt-300x217.png 300w, https:\/\/stadt-hohenberg.de\/wp-content\/uploads\/2022\/02\/freistatt-768x556.png 768w\" sizes=\"(max-width: 509px) 100vw, 509px\" \/><\/a><br \/>\nDie S\u00e4ulen hatten h\u00f6lzerne Vorg\u00e4nger, denn 1750 hei\u00dft es \u201e\u2026wegen der eingefaulten 4&nbsp; Kay\u00dferl. Geleitss\u00e4ulen der gn\u00e4d. Befehl ertheilt worden, da\u00df statt solcher Steinerne&nbsp; S\u00e4ulen aufgerichtet\u2026. werden sollen.\u201c 1752 erhielt der Selber Steinmetz Thoma den Auftrag, vier neue steinerne S\u00e4ulen aufzurichten.<\/p>\n<p style=\"text-align: justify;\">In den an der Basis eingehauenen Aussparungen befanden sich urspr\u00fcnglich eingenietete Blechtafeln&nbsp; mit der Aufschrift: \u201eR\u00f6misch-Kayserliche Geleits-Befreyung\u201c und darunter aufgemalt der schwarze doppelte Adler. \u00dcber das Alter der \u201ekaiserlichen Freiung\u201c ist nichts bekannt, da weder ein kaiserlicher Geleitsbrief noch entsprechende Urkunden aufgefunden wurden. Es wird vermutet, da\u00df die Freiung1386 beim Egerer Landfrieden aufgerichtet wurde. Im Landbuch von 1499 hei\u00dft es: \u201e\u2026ist keiserliche Freiung, der man sich ob menschengedechtnus allweg und je gebraucht hat\u2026\u201c<\/p>\n<p style=\"text-align: justify;\">Der \u201eKayserlich befreyte Berg\u201c&nbsp; Hohenberg war Zufluchtsort f\u00fcr Personen, die eines Verbrechens oder wegen gro\u00dfer Schulden Sicherheit vor ihren Verfolgern bis zum Beginn eines ordentlichen Gerichtsverfahrens bedurften. Diese \u201eFreistatt\u201c, ausgestattet mit dem Immunit\u00e4ts-Pivileg, war vom Kaiser in Hohenberg eingerichtet.<\/p>\n","protected":false},"excerpt":{"rendered":"<p>Der \u201egefreyte Bezirk\u201c der \u201ekaiserlichen Freistatt\u201c war bis 1799, dem Jahr ihrer verordneten Aufhebung, durch sogenannte Freiungs- oder Geleits-S\u00e4ulen abgegrenzt. Die Granit-Obelisken standen an den Ortseing\u00e4ngen und markierten die r\u00e4umliche Begrenzung der<a class=\"moretag\" href=\"https:\/\/stadt-hohenberg.de\/index.php\/tourismus\/rundwanderwege\/poi-2-die-freistatt-saeulen-am-burg-eingang\/\">Read More&#8230;<\/a><\/p>\n","protected":false},"author":1,"featured_media":0,"parent":2913,"menu_order":101,"comment_status":"closed","ping_status":"closed","template":"","meta":{"footnotes":"","_links_to":"","_links_to_target":""},"class_list":["post-3875","page","type-page","status-publish","hentry"],"_links":{"self":[{"href":"https:\/\/stadt-hohenberg.de\/index.php\/wp-json\/wp\/v2\/pages\/3875"}],"collection":[{"href":"https:\/\/stadt-hohenberg.de\/index.php\/wp-json\/wp\/v2\/pages"}],"about":[{"href":"https:\/\/stadt-hohenberg.de\/index.php\/wp-json\/wp\/v2\/types\/page"}],"author":[{"embeddable":true,"href":"https:\/\/stadt-hohenberg.de\/index.php\/wp-json\/wp\/v2\/users\/1"}],"replies":[{"embeddable":true,"href":"https:\/\/stadt-hohenberg.de\/index.php\/wp-json\/wp\/v2\/comments?post=3875"}],"version-history":[{"count":7,"href":"https:\/\/stadt-hohenberg.de\/index.php\/wp-json\/wp\/v2\/pages\/3875\/revisions"}],"predecessor-version":[{"id":4047,"href":"https:\/\/stadt-hohenberg.de\/index.php\/wp-json\/wp\/v2\/pages\/3875\/revisions\/4047"}],"up":[{"embeddable":true,"href":"https:\/\/stadt-hohenberg.de\/index.php\/wp-json\/wp\/v2\/pages\/2913"}],"wp:attachment":[{"href":"https:\/\/stadt-hohenberg.de\/index.php\/wp-json\/wp\/v2\/media?parent=3875"}],"curies":[{"name":"wp","href":"https:\/\/api.w.org\/{rel}","templated":true}]}}