{"id":3865,"date":"2022-02-18T10:47:18","date_gmt":"2022-02-18T10:47:18","guid":{"rendered":"https:\/\/stadt-hohenberg.de\/?page_id=3865"},"modified":"2022-10-19T10:31:11","modified_gmt":"2022-10-19T10:31:11","slug":"poi-1-burg-hohenberg-a-d-eger","status":"publish","type":"page","link":"https:\/\/stadt-hohenberg.de\/index.php\/tourismus\/rundwanderwege\/poi-1-burg-hohenberg-a-d-eger\/","title":{"rendered":"POI 1: Burg Hohenberg a.d. Eger"},"content":{"rendered":"<p style=\"text-align: justify;\">\u00dcber die Erbauung und Person des Bauherrns der Burganlage ist nichts bekannt. Der Egerer Stadtarchivar Heinrich Gradl vermutet, das die Burg zwischen 1170 und 1222 durch <strong>Berchtoldus de Honberg<\/strong> erbaut wurde. Dieser Bertholdus, ein egerischer Ministeriale, erscheint erstmals 1222 als ritterlicher Zeuge in einer Waldsassener Verkaufsurkunde (ME 158). Hier \u00fcbereignet Gothefridus de Valkenberc dem Kloster Waldsassen das Dorf Pleissen.<\/p>\n<p><a href=\"https:\/\/stadt-hohenberg.de\/wp-content\/uploads\/2021\/04\/header_sommer_4.jpg\" target=\"_blank\" rel=\"noopener\"><img loading=\"lazy\" decoding=\"async\" class=\"aligncenter wp-image-3345 size-large\" src=\"https:\/\/stadt-hohenberg.de\/wp-content\/uploads\/2021\/04\/header_sommer_4-1024x384.jpg\" alt=\"\" width=\"1024\" height=\"384\" srcset=\"https:\/\/stadt-hohenberg.de\/wp-content\/uploads\/2021\/04\/header_sommer_4-1024x384.jpg 1024w, https:\/\/stadt-hohenberg.de\/wp-content\/uploads\/2021\/04\/header_sommer_4-300x113.jpg 300w, https:\/\/stadt-hohenberg.de\/wp-content\/uploads\/2021\/04\/header_sommer_4-768x288.jpg 768w, https:\/\/stadt-hohenberg.de\/wp-content\/uploads\/2021\/04\/header_sommer_4-1536x576.jpg 1536w, https:\/\/stadt-hohenberg.de\/wp-content\/uploads\/2021\/04\/header_sommer_4.jpg 1600w\" sizes=\"(max-width: 1024px) 100vw, 1024px\" \/><\/a><br \/>\nBurg Hohenberg war ein westlicher Au\u00dfenposten des egerl\u00e4ndischen Burgensystems um die Reichsburg Eger. Die adeligen Herren von Hohenberg besa\u00dfen umfangreichen Streubesitz. Der Ort bildete den Mittelpunkt einer territorialen Kleinherrschaft. Nachdem der letzte Hohenberger ohne m\u00e4nnlichen Nachkommen blieb, \u00fcbertr\u00e4gt K\u00f6nig Rudolf am 2.April 1285 das Burglehen in Eger wie auch die Burg Wunsiedel an den Burggrafen Friedrich III. von N\u00fcrnberg, der diese vom letzten Hohenberger Kneussel k\u00e4uflich erworben hat. Umfangreiche Geleitdienste auf den vorbeif\u00fchrenden Handelswegen verschafften den Hohenbergern sowie den sp\u00e4teren Amtleuten ein gutes Einkommen. Hohenberg war seit 1389 das erste Amt der sp\u00e4teren sogenannten \u201eSechs\u00e4mter\u201c.<\/p>\n<p style=\"text-align: justify;\">Bis 1415 war das gesamte, sp\u00e4ter als \u201eSechs\u00e4mterland\u201c&nbsp; (so 1504) bezeichnete Gebiet, in burggr\u00e4flichen Besitz. Hussitenhorden verbrannten 1430 ein Burggut im Ort und 1462 fackelte b\u00f6hmisches Kriegsvolk einen Burgturm ab. Beim Besuch des Markgrafen Albrecht Alcibiades wurde 1549 dem Ort ein heute noch vorhandenes \u201eRaths-Insigel gnedigst bewilliget und erteilt\u201c. Ein Privilegienbrief best\u00e4tigte \u00e4ltere Marktrechte. Insbesondere wurde das \u201eAigen Hal\u00df Gericht\u201c und \u201estehen auch daselbsten zu Recht\u201c betont. Der Rechtsbezirk wurde am Ort mit vier Steins\u00e4ulen abgegrenzt.<\/p>\n<p style=\"text-align: justify;\">Die Kriesgsfurie des 30j\u00e4hrigen Krieges erreichte Hohenberg um 1632. Burg und Ort \u00fcberstehen glimpflich die schreckliche Zeit. Die Pest jedoch hielt 1632 reiche Ernte, im letzten Quartal genannten Jahres starben \u00fcber 200 Personen.<\/p>\n<p>1776 erh\u00e4lt der Ort bis 1796 Preu\u00dfische Besatzung, nachfolgend quartierte sich von 1806 bis 1819 franz\u00f6sische Grenadiere auf Burg Hohenberg ein. 1810 kam das F\u00fcrstentum Bayreuth, und damit auch Hohenberg an Bayern.<\/p>\n<p style=\"text-align: justify;\">Die schlimmste Zeit erlitt Hohenberg wohl am Ende des Zweiten Weltkriegs, als der Ort noch in den letzten Kriegstagen von amerikanischer Artillerie beschossen wurde. Ein sinnloser Verteidigungsbefahl f\u00fchrte zur Zerst\u00f6rung eines Drittels des H\u00e4userbestandes.<\/p>\n","protected":false},"excerpt":{"rendered":"<p>\u00dcber die Erbauung und Person des Bauherrns der Burganlage ist nichts bekannt. Der Egerer Stadtarchivar Heinrich Gradl vermutet, das die Burg zwischen 1170 und 1222 durch Berchtoldus de Honberg erbaut wurde. Dieser<a class=\"moretag\" href=\"https:\/\/stadt-hohenberg.de\/index.php\/tourismus\/rundwanderwege\/poi-1-burg-hohenberg-a-d-eger\/\">Read More&#8230;<\/a><\/p>\n","protected":false},"author":1,"featured_media":0,"parent":2913,"menu_order":100,"comment_status":"closed","ping_status":"closed","template":"","meta":{"footnotes":"","_links_to":"","_links_to_target":""},"class_list":["post-3865","page","type-page","status-publish","hentry"],"_links":{"self":[{"href":"https:\/\/stadt-hohenberg.de\/index.php\/wp-json\/wp\/v2\/pages\/3865"}],"collection":[{"href":"https:\/\/stadt-hohenberg.de\/index.php\/wp-json\/wp\/v2\/pages"}],"about":[{"href":"https:\/\/stadt-hohenberg.de\/index.php\/wp-json\/wp\/v2\/types\/page"}],"author":[{"embeddable":true,"href":"https:\/\/stadt-hohenberg.de\/index.php\/wp-json\/wp\/v2\/users\/1"}],"replies":[{"embeddable":true,"href":"https:\/\/stadt-hohenberg.de\/index.php\/wp-json\/wp\/v2\/comments?post=3865"}],"version-history":[{"count":8,"href":"https:\/\/stadt-hohenberg.de\/index.php\/wp-json\/wp\/v2\/pages\/3865\/revisions"}],"predecessor-version":[{"id":4045,"href":"https:\/\/stadt-hohenberg.de\/index.php\/wp-json\/wp\/v2\/pages\/3865\/revisions\/4045"}],"up":[{"embeddable":true,"href":"https:\/\/stadt-hohenberg.de\/index.php\/wp-json\/wp\/v2\/pages\/2913"}],"wp:attachment":[{"href":"https:\/\/stadt-hohenberg.de\/index.php\/wp-json\/wp\/v2\/media?parent=3865"}],"curies":[{"name":"wp","href":"https:\/\/api.w.org\/{rel}","templated":true}]}}