{"id":287,"date":"2014-01-27T17:25:37","date_gmt":"2014-01-27T15:25:37","guid":{"rendered":"http:\/\/www.hohenberg.info\/wordpress\/?page_id=287"},"modified":"2026-02-24T06:50:27","modified_gmt":"2026-02-24T06:50:27","slug":"ferienhaeuser-u-wohnungen","status":"publish","type":"page","link":"https:\/\/stadt-hohenberg.de\/index.php\/tourismus\/uebernachtung\/ferienhaeuser-u-wohnungen\/","title":{"rendered":"Ferienh\u00e4user &#038; Ferienwohnungen"},"content":{"rendered":"<p style=\"text-align: justify;\"><strong><img loading=\"lazy\" decoding=\"async\" class=\"size-full wp-image-3438 alignright\" src=\"https:\/\/stadt-hohenberg.de\/wp-content\/uploads\/2021\/04\/Seidel-Elbel-Aufenthaltsra.jpg\" alt=\"\" width=\"200\" height=\"128\" \/>Ferienwohung &#8222;Seidel &amp; Elbel&#8220;<\/strong><br \/>\nRollstuhlgerechte Ferienwohnung mit Aufzug; ruhige Lage; Fr\u00fchst\u00fcck m\u00f6glich; Kinderspielplatz; hausgebackene Br\u00f6tchen; Angelgelegenheit; Wanderwegenetz direkt am Haus<\/p>\n<p style=\"text-align: justify;\">Seidel &amp; Elbel \u2219 Egerweg 40, OT Neuhaus \u2219 95691 Hohenberg<br \/>\nTel. 09233\/3669 \u2219 Fax 09233\/714271<br \/>\nemail: info@pension-egerstau.de<\/p>\n<p style=\"text-align: justify;\"><strong><img loading=\"lazy\" decoding=\"async\" class=\"size-full wp-image-3440 alignright\" src=\"https:\/\/stadt-hohenberg.de\/wp-content\/uploads\/2021\/04\/Fischer-Schlafzimmer-FW..jpg\" alt=\"\" width=\"200\" height=\"128\" \/>Ferienwohung &#8222;Fischer&#8220;<\/strong><br \/>\nFerienwohnung mit 52m\u00b2 in ruhiger Lage; Nichtraucher; separater Raucher-raum; inkl. W\u00e4sche; Allergiker Betten; Mikrowelle; Liegewiese mit Garten-m\u00f6bel; Kutschfahrten; Fahrradverleih im Ort; Parkfl\u00e4che; Br\u00f6tchen- und Fr\u00fchst\u00fcckservice; Waschmaschinen u. Trockner Mitbenutzung<\/p>\n<p style=\"text-align: justify;\">Ingrid Fischer \u2219 Langer Weg 14 \u2219 95691 Hohenberg<br \/>\nmobil 0151\/41209008<br \/>\nemail: ingridfischer_hbg@gmx.de<\/p>\n<p style=\"text-align: justify;\"><strong><a href=\"https:\/\/stadt-hohenberg.de\/wp-content\/uploads\/2025\/11\/gatscha-scaled.jpg\" target=\"_blank\" rel=\"noopener\"><img loading=\"lazy\" decoding=\"async\" class=\"alignright wp-image-4582\" src=\"https:\/\/stadt-hohenberg.de\/wp-content\/uploads\/2025\/11\/gatscha-135x300.jpg\" alt=\"\" width=\"83\" height=\"184\" srcset=\"https:\/\/stadt-hohenberg.de\/wp-content\/uploads\/2025\/11\/gatscha-135x300.jpg 135w, https:\/\/stadt-hohenberg.de\/wp-content\/uploads\/2025\/11\/gatscha-461x1024.jpg 461w, https:\/\/stadt-hohenberg.de\/wp-content\/uploads\/2025\/11\/gatscha-768x1707.jpg 768w, https:\/\/stadt-hohenberg.de\/wp-content\/uploads\/2025\/11\/gatscha-691x1536.jpg 691w, https:\/\/stadt-hohenberg.de\/wp-content\/uploads\/2025\/11\/gatscha-922x2048.jpg 922w, https:\/\/stadt-hohenberg.de\/wp-content\/uploads\/2025\/11\/gatscha-scaled.jpg 1152w\" sizes=\"(max-width: 83px) 100vw, 83px\" \/><\/a>Ferienhaus \u201cCarmen\u201d<br \/>\n<\/strong>Ferienhaus in ruhiger Lage im Hohenberg\/E, Ortsteil Neuhaus\/E f\u00fcr 1 &#8211; 5 Personen mit Balkon und Terrasse. Es verf\u00fcgt \u00fcber Wohnzimmer, Esszimmer, eine neue voll ausgestattete K\u00fcche mit Waschmaschine und Geschirrsp\u00fcler,\u00a02 B\u00e4der und 3 Schlafzimmer, jeweil mit TV.\u00a0Ein Schwedenofen im Flur sorgt zus\u00e4tzlich zur Gasheizung f\u00fcr W\u00e4rme.\u00a0Freies WLan, Bettw\u00e4sche, Grillplatz und Parkplatz.<\/p>\n<p style=\"text-align: justify;\">Carmen Gatscha \u2219 Schlo\u00dfstra\u00dfe 2, OT Neuhaus \u2219 95691 Hohenberg<br \/>\nTel. 09287\/67570 \u2219 mobil 0172\/8344187<br \/>\nemail: c-gatscha@gmx.de<\/p>\n<p style=\"text-align: justify;\"><strong><img loading=\"lazy\" decoding=\"async\" class=\"size-full wp-image-3444 alignright\" src=\"https:\/\/stadt-hohenberg.de\/wp-content\/uploads\/2021\/04\/Kaiser-Seidelbeck.jpg\" alt=\"\" width=\"200\" height=\"128\" \/>G\u00e4stehaus \u201cSeidelbeck\u201d<\/strong><br \/>\nUrgem\u00fctliches Bauernhaus; gro\u00dfer abschlie\u00dfbarer Innenhof; Naturpark Kocherrangen beginnt direkt hinter dem Haus (Carolinenquelle); Remise zum Grillen, Waschmaschine, Kinderbetten verf\u00fcgbar, ideal f\u00fcr Haustiere, Eine Nichtraucherwohnung.3 Wohnungen, EZ\/DZ, Partyraum m. Kamin zubuchbar.<\/p>\n<p style=\"text-align: justify;\">Susanne Geiger \u2219 Im Winkel 6 \u2219 95691 Hohenberg<br \/>\nmobil: 0171\/6742501<br \/>\nemail: helmut-geiger-selb@t-online.de<br \/>\nInternet: <a href=\"http:\/\/www.kaiser-hohenberg.com\" target=\"_blank\" rel=\"noopener\">www.kaiser-hohenberg.com<\/a><\/p>\n<p style=\"text-align: justify;\"><strong><img loading=\"lazy\" decoding=\"async\" class=\"size-full wp-image-3445 alignright\" src=\"https:\/\/stadt-hohenberg.de\/wp-content\/uploads\/2021\/04\/hopperer_aussen.jpg\" alt=\"\" width=\"200\" height=\"128\" \/>Ferienhaus \u201cIm Winkel\u201d<\/strong><br \/>\nDenkmalgesch\u00fctztes Haus aus der Mitte des 18ten Jahrhunderts, im gem\u00fctlichen Bauernstil gehalten. Ruhige Lage, dennoch zentral in der N\u00e4he des Burgplatzes und Ortskerns. Elektroheizung, Sat\/TV sowie DU\/WC. Besonders geeignet f\u00fcr Gro\u00dffamilien oder Gruppen.<\/p>\n<p style=\"text-align: justify;\">Heike &amp; J\u00fcrgen Hoffmann \u2219 Im Winkel 9 \u2219 95691 Hohenberg<br \/>\nTel. 09233\/5690 \u2219 mobil 0151\/12151475<br \/>\nemail: juergen.hoffmann@vg-schirnding.de<br \/>\nInternet: <a title=\"ferienhaus im winkel\" href=\"http:\/\/www.ferienhaus-im-winkel.de\" target=\"_blank\" rel=\"noopener\">www.ferienhaus-im-winkel.de<\/a><\/p>\n<p style=\"text-align: justify;\"><strong><img loading=\"lazy\" decoding=\"async\" class=\"size-full wp-image-3446 alignright\" src=\"https:\/\/stadt-hohenberg.de\/wp-content\/uploads\/2021\/04\/Lang-Haus.jpg\" alt=\"\" width=\"200\" height=\"128\" \/>Ferienhof \u201cMassem\u00fchle\u201d<\/strong><br \/>\nFerienwohnung 60 bis 80 m\u00b2, neu ausgebautes G\u00e4stehaus; Nichtraucher-wohnungen; ruhige Einzellage direkt an der Eger; 3 km hauseigenes Fischwasser, Haustiere erlaubt; Streicheltiere; Grill- u. Kinderspielplatz, eigenes Wellnessangebot; M\u00fchle als Industriedenkmal; 6 Wohnungen<\/p>\n<p style=\"text-align: justify;\">Familie Lang \u2219 Sommerhau 16 \u2219 95691 Hohenberg<br \/>\nTel. 09233\/4967\u2219 Fax 09233\/4976<br \/>\ninfo@ferienhof-massemuehle.de<br \/>\nInternet: <a title=\"Ferienhof Massem\u00fchle\" href=\"http:\/\/www.ferienhof-massemuehle.de\" target=\"_blank\" rel=\"noopener\">www.ferienhof-massemuehle.de<\/a><\/p>\n<p style=\"text-align: justify;\"><strong><img loading=\"lazy\" decoding=\"async\" class=\"size-full wp-image-3447 alignright\" src=\"https:\/\/stadt-hohenberg.de\/wp-content\/uploads\/2021\/04\/matthes-georg.jpg\" alt=\"\" width=\"200\" height=\"128\" \/>Ferienhaus &#8222;Matthes&#8220;<\/strong><br \/>\nGem\u00fctliches Ferienhaus (80 m\u00b2) f\u00fcr 1-4 Personen + 2 Kinder im alten Ortskern. Im Obergeschoss 2 Schlafzimmer mit Doppelbett + 1 Kinderzimmer mit Kinder- und Gitterbett. Im Erdgeschoss gro\u00dfes Wohnzimmer, K\u00fcche, Bad (Dusche\/ Badewanne\/WC). Mischung aus Vintage (original Holzb\u00f6den\/M\u00f6bel) und Moderne (Satelliten-TV + Sp\u00fcl- und Waschmaschine). Nichtraucherhaus mit sch\u00f6nem 300 m\u00b2 Garten<\/p>\n<p style=\"text-align: justify;\">email: georg.matthes@gmx.net<\/p>\n<p style=\"text-align: justify;\"><strong><a href=\"https:\/\/stadt-hohenberg.de\/wp-content\/uploads\/2021\/05\/rausch.jpg\" target=\"_blank\" rel=\"noopener\"><img loading=\"lazy\" decoding=\"async\" class=\"alignright wp-image-3721\" src=\"https:\/\/stadt-hohenberg.de\/wp-content\/uploads\/2021\/05\/rausch.jpg\" alt=\"\" width=\"200\" height=\"128\" srcset=\"https:\/\/stadt-hohenberg.de\/wp-content\/uploads\/2021\/05\/rausch.jpg 400w, https:\/\/stadt-hohenberg.de\/wp-content\/uploads\/2021\/05\/rausch-300x192.jpg 300w\" sizes=\"(max-width: 200px) 100vw, 200px\" \/><\/a>Ferienhaus \u201cWaldblick\u201c<br \/>\n<\/strong>Das 125 m\u00b2 gro\u00dfe Nichtraucher-Haus wurde 2020\/21 renoviert, komfortabel ausgestattet und mit vier Sternen des DTV ausgezeichnet.Idyllische Lage &#8211; in unmittelbarer N\u00e4he der Naturschutzgebiete \u201eBrutteich und Brutwiesen \u2026\u201c (400 m) sowie \u201eEgertal bei Neuhaus\u201c (1,3 km). Max. Belegung: 5 Erwachsene und 1 Kleinkind<\/p>\n<p>Familie Rausch \u2219 Fohrenlohe 4, OT Neuhaus \u2219 95691 Hohenberg<br \/>\nTel. 09233\/716869<br \/>\nemail: christiane.rausch.f3@gmail.com<br \/>\nInternet: <a href=\"http:\/\/ferienhauswaldblick.de\" target=\"_blank\" rel=\"noopener\">ferienhauswaldblick.de<\/a><\/p>\n","protected":false},"excerpt":{"rendered":"<p>Ferienwohung &#8222;Seidel &amp; Elbel&#8220; Rollstuhlgerechte Ferienwohnung mit Aufzug; ruhige Lage; Fr\u00fchst\u00fcck m\u00f6glich; Kinderspielplatz; hausgebackene Br\u00f6tchen; Angelgelegenheit; Wanderwegenetz direkt am Haus Seidel &amp; Elbel \u2219 Egerweg 40, OT Neuhaus \u2219 95691 Hohenberg Tel.<a class=\"moretag\" href=\"https:\/\/stadt-hohenberg.de\/index.php\/tourismus\/uebernachtung\/ferienhaeuser-u-wohnungen\/\">Read More&#8230;<\/a><\/p>\n","protected":false},"author":1,"featured_media":0,"parent":267,"menu_order":1,"comment_status":"closed","ping_status":"closed","template":"","meta":{"footnotes":"","_links_to":"","_links_to_target":""},"class_list":["post-287","page","type-page","status-publish","hentry"],"_links":{"self":[{"href":"https:\/\/stadt-hohenberg.de\/index.php\/wp-json\/wp\/v2\/pages\/287"}],"collection":[{"href":"https:\/\/stadt-hohenberg.de\/index.php\/wp-json\/wp\/v2\/pages"}],"about":[{"href":"https:\/\/stadt-hohenberg.de\/index.php\/wp-json\/wp\/v2\/types\/page"}],"author":[{"embeddable":true,"href":"https:\/\/stadt-hohenberg.de\/index.php\/wp-json\/wp\/v2\/users\/1"}],"replies":[{"embeddable":true,"href":"https:\/\/stadt-hohenberg.de\/index.php\/wp-json\/wp\/v2\/comments?post=287"}],"version-history":[{"count":19,"href":"https:\/\/stadt-hohenberg.de\/index.php\/wp-json\/wp\/v2\/pages\/287\/revisions"}],"predecessor-version":[{"id":4651,"href":"https:\/\/stadt-hohenberg.de\/index.php\/wp-json\/wp\/v2\/pages\/287\/revisions\/4651"}],"up":[{"embeddable":true,"href":"https:\/\/stadt-hohenberg.de\/index.php\/wp-json\/wp\/v2\/pages\/267"}],"wp:attachment":[{"href":"https:\/\/stadt-hohenberg.de\/index.php\/wp-json\/wp\/v2\/media?parent=287"}],"curies":[{"name":"wp","href":"https:\/\/api.w.org\/{rel}","templated":true}]}}