{"id":267,"date":"2014-01-27T16:18:18","date_gmt":"2014-01-27T14:18:18","guid":{"rendered":"http:\/\/www.hohenberg.info\/wordpress\/?page_id=267"},"modified":"2021-04-01T15:19:46","modified_gmt":"2021-04-01T15:19:46","slug":"uebernachtung","status":"publish","type":"page","link":"https:\/\/stadt-hohenberg.de\/index.php\/tourismus\/uebernachtung\/","title":{"rendered":"\u00dcbernachtung"},"content":{"rendered":"<p style=\"text-align: justify;\"><img loading=\"lazy\" decoding=\"async\" class=\"size-medium wp-image-3429 alignleft\" src=\"https:\/\/stadt-hohenberg.de\/wp-content\/uploads\/2021\/04\/bildleiste-tourismus-130x300.jpg\" alt=\"\" width=\"130\" height=\"300\" srcset=\"https:\/\/stadt-hohenberg.de\/wp-content\/uploads\/2021\/04\/bildleiste-tourismus-130x300.jpg 130w, https:\/\/stadt-hohenberg.de\/wp-content\/uploads\/2021\/04\/bildleiste-tourismus.jpg 187w\" sizes=\"(max-width: 130px) 100vw, 130px\" \/><br \/>\nIn Hohenberg und seinen Ortsteilen ist fast alles denkbar, nur eines nicht: Langeweile.<\/p>\n<p style=\"text-align: justify;\">Die vielf\u00e4ltige Natur l\u00e4dt ein zu Erlebnis, Spa\u00df und Erholung. Auch wenn Sie sich auf dem Fahrrad, bei einer B\u00e4dertour oder Wanderung verausgaben, Sie tanken in unseren gem\u00fctlichen Unterk\u00fcnften trotzdem neue Energie und vergessen den Alltagsrummel.<\/p>\n<p style=\"text-align: justify;\">Sicherlich finden Sie bei unserem Angebot an Hotels, Gasth\u00f6fen,\u00a0 Ferienwohnungen und Ferienh\u00e4usern sowie privaten Unterk\u00fcnften oder dem Wohnmobil-Stellplatz, mit herrlicher Aussicht ins benachbarte Tschechien, ein Domizil, dass die sch\u00f6nste Zeit des Jahres zu einem unvergessenen Erlebnis werden l\u00e4sst\u2026<\/p>\n<p>&nbsp;<\/p>\n","protected":false},"excerpt":{"rendered":"<p>In Hohenberg und seinen Ortsteilen ist fast alles denkbar, nur eines nicht: Langeweile. Die vielf\u00e4ltige Natur l\u00e4dt ein zu Erlebnis, Spa\u00df und Erholung. Auch wenn Sie sich auf dem Fahrrad, bei einer<a class=\"moretag\" href=\"https:\/\/stadt-hohenberg.de\/index.php\/tourismus\/uebernachtung\/\">Read More&#8230;<\/a><\/p>\n","protected":false},"author":1,"featured_media":0,"parent":47,"menu_order":0,"comment_status":"closed","ping_status":"closed","template":"","meta":{"footnotes":"","_links_to":"","_links_to_target":""},"class_list":["post-267","page","type-page","status-publish","hentry"],"_links":{"self":[{"href":"https:\/\/stadt-hohenberg.de\/index.php\/wp-json\/wp\/v2\/pages\/267"}],"collection":[{"href":"https:\/\/stadt-hohenberg.de\/index.php\/wp-json\/wp\/v2\/pages"}],"about":[{"href":"https:\/\/stadt-hohenberg.de\/index.php\/wp-json\/wp\/v2\/types\/page"}],"author":[{"embeddable":true,"href":"https:\/\/stadt-hohenberg.de\/index.php\/wp-json\/wp\/v2\/users\/1"}],"replies":[{"embeddable":true,"href":"https:\/\/stadt-hohenberg.de\/index.php\/wp-json\/wp\/v2\/comments?post=267"}],"version-history":[{"count":1,"href":"https:\/\/stadt-hohenberg.de\/index.php\/wp-json\/wp\/v2\/pages\/267\/revisions"}],"predecessor-version":[{"id":3430,"href":"https:\/\/stadt-hohenberg.de\/index.php\/wp-json\/wp\/v2\/pages\/267\/revisions\/3430"}],"up":[{"embeddable":true,"href":"https:\/\/stadt-hohenberg.de\/index.php\/wp-json\/wp\/v2\/pages\/47"}],"wp:attachment":[{"href":"https:\/\/stadt-hohenberg.de\/index.php\/wp-json\/wp\/v2\/media?parent=267"}],"curies":[{"name":"wp","href":"https:\/\/api.w.org\/{rel}","templated":true}]}}