{"id":2136,"date":"2017-11-26T15:47:56","date_gmt":"2017-11-26T13:47:56","guid":{"rendered":"http:\/\/www.hohenberg.info\/wordpress\/?page_id=2136"},"modified":"2023-01-12T10:38:40","modified_gmt":"2023-01-12T10:38:40","slug":"yamakawa-seniorenhaus","status":"publish","type":"page","link":"https:\/\/stadt-hohenberg.de\/index.php\/buergerservice\/oeffentliche-einrichtungen\/yamakawa-seniorenhaus\/","title":{"rendered":"Yamakawa Seniorenhaus"},"content":{"rendered":"<p style=\"text-align: justify;\"><img loading=\"lazy\" decoding=\"async\" class=\"alignnone wp-image-3422 size-full\" src=\"https:\/\/stadt-hohenberg.de\/wp-content\/uploads\/2021\/04\/header-yamakawa.jpg\" alt=\"\" width=\"1000\" height=\"288\" srcset=\"https:\/\/stadt-hohenberg.de\/wp-content\/uploads\/2021\/04\/header-yamakawa.jpg 1000w, https:\/\/stadt-hohenberg.de\/wp-content\/uploads\/2021\/04\/header-yamakawa-300x86.jpg 300w, https:\/\/stadt-hohenberg.de\/wp-content\/uploads\/2021\/04\/header-yamakawa-768x221.jpg 768w\" sizes=\"(max-width: 1000px) 100vw, 1000px\" \/>Frau Kazuko und Herr Aaron Yamakawa haben aufgrund einer jahrzehntelangen Gesch\u00e4ftsbeziehung die Produkte der in Hohenberg ans\u00e4ssigen Firma Feiler mit gro\u00dfem Erfolg in Japan vermarktet. F\u00fcr ihr Lebenswerk wurde Frau Kazuko Yamakawa im Jahre 2002 die Ehrenmedaille der Stadt Hohenberg a. d. Eger und zum Spatenstich am 12.03.2016 der Goldene Ehrenring verliehen.<\/p>\n<p><a href=\"http:\/\/www.yamakawa-seniorenhaus.de\/\" target=\"_blank\" rel=\"noopener\"><strong>www.yamakawa-seniorenhaus.de<\/strong><\/a><\/p>\n<p style=\"text-align: justify;\"><img loading=\"lazy\" decoding=\"async\" class=\"alignright wp-image-3423\" src=\"https:\/\/stadt-hohenberg.de\/wp-content\/uploads\/2021\/04\/frau-yamakawa-und-haus-211x300.jpg\" alt=\"\" width=\"200\" height=\"285\" srcset=\"https:\/\/stadt-hohenberg.de\/wp-content\/uploads\/2021\/04\/frau-yamakawa-und-haus-211x300.jpg 211w, https:\/\/stadt-hohenberg.de\/wp-content\/uploads\/2021\/04\/frau-yamakawa-und-haus.jpg 371w\" sizes=\"(max-width: 200px) 100vw, 200px\" \/>Nach dem Tod ihres Mannes Aaron hat Kazuko Yamakawa der Stadt Hohenberg a. d. Eger f\u00fcr die Errichtung eines Seniorenhauses ein Grundstockverm\u00f6gen in H\u00f6he von rd. 3,5 Mio. \u20ac gestiftet. Das Seniorenhaus soll eine \u201aLebenserleichterung\u2018 f\u00fcr Seniorinnen und Senioren bringen und zugleich Raum bieten f\u00fcr Kommunikation und Begegnung zwischen Alt und Jung. Die grundlegende Vision der Stifterin, die sie in einem entsprechenden Dokument zusammengefasst hat, ist der Zusammenhalt aller Generationen im Heimatort.<\/p>\n<p style=\"text-align: justify;\">Die Stadt Hohenberg a. d. Eger hat das gespendete Verm\u00f6gen in die gemeinn\u00fctzige Yamakawa \u2013 Seniorenhaus Stiftung eingebracht, deren Zweck die F\u00f6rderung der Altenhilfe in Hohenberg a. d. Eger und Umgebung ist und die zugleich mit ihrem Namen die Erinnerung an die Stifterin pflegen soll.<\/p>\n<p><a href=\"http:\/\/www.hohenberg.info\/wordpress\/?page_id=1468\">&gt;&gt;&gt; Bildergalerie Bau &amp; Er\u00f6ffnung<\/a><\/p>\n<p><strong>Das Yamakawa-Seniorenhauses bietet vier Teilbereiche:<\/strong><\/p>\n<p style=\"text-align: justify;\"><strong>1. Tagespflege<br \/>\n<\/strong>Die Tagespflege ist ein wichtiger Baustein im Yamakawa Seniorenhaus zur Versorgung \u00e4lterer Menschen. Sie richtet sich an all jene, bei denen die ambulante Pflege zu Hause nicht mehr ausreicht, aber die station\u00e4re Pflege in einem Station\u00e4ren Pflegeheim noch nicht notwendig oder keine gew\u00fcnschte Alternative ist. Die maximal 14 G\u00e4ste der Tagespflege wohnen weiterhin zu Hause, werden aber tags\u00fcber in der Einrichtung von qualifizierten Mitarbeitern betreut.<\/p>\n<p style=\"text-align: justify;\">Die Tagespflege f\u00f6rdert und aktiviert die praktischen F\u00e4higkeiten der G\u00e4ste und bietet Ab-wechslung, Geselligkeit und soziale Kontakte. Sie soll die G\u00e4ste zudem individuell f\u00f6rdern und dazu beitragen, die eigene Wohnung und die vertraute Umgebung so lange wie m\u00f6glich zu erhalten. Dar\u00fcber hinaus leistet die Tagespflege einen ganz wesentlichen Beitrag zur Entlastung der pflegenden Angeh\u00f6rigen.<\/p>\n<p style=\"text-align: justify; margin: 0cm 0cm 18.0pt 0cm;\"><strong><span style=\"font-size: 10.5pt; font-family: 'Open Sans',sans-serif; color: #575757;\">2. Ambulant betreute Wohngemeinschaften (Haus Yamakawa und Haus Ilse)<\/span><\/strong><b><span style=\"font-size: 10.5pt; font-family: 'Open Sans',sans-serif; color: #575757;\"><br \/>\n<\/span><\/b><span style=\"font-size: 10.5pt; font-family: 'Open Sans',sans-serif; color: #575757;\">Die ambulant betreuten Wohngemeinschaften (ABWG) wurde f\u00fcr zw\u00f6lf bzw. acht Mieter geschaffen. Dabei tritt die Aquila gGmbH als Vermieter auf. Kennzeichen einer ABWG ist die Selbstbestimmtheit der Senioren. Alles von Belang f\u00fcr das t\u00e4gliche Leben m\u00fcssen die Mieter, beziehungsweisen deren Vertreter, selbst regeln. Das betrifft die Hausordnung sowie die Mahlzeiten und Aktivit\u00e4ten im gemeinsamen Wohn- und Essbereich. Die Senioren haben auch ihren Pflegedienst sowie die Art und den Umfang der Leistungen frei bestimmt. Pflege- und Mietvertrag sind dabei v\u00f6llig unabh\u00e4ngig voneinander. Pflege- und Betreuungsdienst sind lediglich G\u00e4ste in der ABWG.<\/span><\/p>\n<p style=\"text-align: justify;\"><strong>3. Treffpunkt Hohenberg<br \/>\n<\/strong>Dieser Geb\u00e4udeteil ist nicht t\u00e4glich ge\u00f6ffnet. Mieter, aber auch die gesamte Hohenberger Bev\u00f6lkerung und die Vereine bzw. Verb\u00e4nde sollen hier die M\u00f6glichkeit haben, miteinander zu Feiern und sich f\u00fcr verschiedenste Veranstaltungen und Aktivit\u00e4ten zu treffen.<\/p>\n<p style=\"text-align: justify;\">Die Stadt Hohenberg a. d. Eger und die Stiftung legen gr\u00f6\u00dften Wert auf generationen\u00fcber-greifende Begegnung in dieser Einrichtung. Bei einem Miteinander von Jung und Alt profitieren beide Altersgruppen erheblich.\u00a0 Die Gewissheit, mit Menschen j\u00fcngerer Generation in Kontakt zu treten, l\u00f6st das Gef\u00fchl von Zugeh\u00f6rigkeit und das Bewusstsein, am gesellschaftlichen Leben teilhaben zu k\u00f6nnen, aus. Gerade f\u00fcr Menschen in der letzten Phase ihres Lebens ist es besonders wichtig, auch in Kontakt mit J\u00fcngeren zu sein. Dies ist in der Regel sogar noch wichtiger f\u00fcr das pers\u00f6nliche Wohlbefinden als der gesundheitliche Zustand.<\/p>\n","protected":false},"excerpt":{"rendered":"<p>Frau Kazuko und Herr Aaron Yamakawa haben aufgrund einer jahrzehntelangen Gesch\u00e4ftsbeziehung die Produkte der in Hohenberg ans\u00e4ssigen Firma Feiler mit gro\u00dfem Erfolg in Japan vermarktet. F\u00fcr ihr Lebenswerk wurde Frau Kazuko Yamakawa<a class=\"moretag\" href=\"https:\/\/stadt-hohenberg.de\/index.php\/buergerservice\/oeffentliche-einrichtungen\/yamakawa-seniorenhaus\/\">Read More&#8230;<\/a><\/p>\n","protected":false},"author":1,"featured_media":0,"parent":79,"menu_order":1,"comment_status":"closed","ping_status":"closed","template":"","meta":{"footnotes":"","_links_to":"","_links_to_target":""},"class_list":["post-2136","page","type-page","status-publish","hentry"],"_links":{"self":[{"href":"https:\/\/stadt-hohenberg.de\/index.php\/wp-json\/wp\/v2\/pages\/2136"}],"collection":[{"href":"https:\/\/stadt-hohenberg.de\/index.php\/wp-json\/wp\/v2\/pages"}],"about":[{"href":"https:\/\/stadt-hohenberg.de\/index.php\/wp-json\/wp\/v2\/types\/page"}],"author":[{"embeddable":true,"href":"https:\/\/stadt-hohenberg.de\/index.php\/wp-json\/wp\/v2\/users\/1"}],"replies":[{"embeddable":true,"href":"https:\/\/stadt-hohenberg.de\/index.php\/wp-json\/wp\/v2\/comments?post=2136"}],"version-history":[{"count":6,"href":"https:\/\/stadt-hohenberg.de\/index.php\/wp-json\/wp\/v2\/pages\/2136\/revisions"}],"predecessor-version":[{"id":4111,"href":"https:\/\/stadt-hohenberg.de\/index.php\/wp-json\/wp\/v2\/pages\/2136\/revisions\/4111"}],"up":[{"embeddable":true,"href":"https:\/\/stadt-hohenberg.de\/index.php\/wp-json\/wp\/v2\/pages\/79"}],"wp:attachment":[{"href":"https:\/\/stadt-hohenberg.de\/index.php\/wp-json\/wp\/v2\/media?parent=2136"}],"curies":[{"name":"wp","href":"https:\/\/api.w.org\/{rel}","templated":true}]}}